{"id":3,"date":"2022-03-10T12:13:08","date_gmt":"2022-03-10T12:13:08","guid":{"rendered":"https:\/\/www.informaticos-castellon.com\/?page_id=3"},"modified":"2026-04-20T10:03:37","modified_gmt":"2026-04-20T10:03:37","slug":"politica-privadesa","status":"publish","type":"page","link":"https:\/\/www.informaticoscastellon.com\/ca\/politica-privadesa\/","title":{"rendered":"Pol\u00edtica de privadesa"},"content":{"rendered":"<div class=\"et_pb_section_0 et_pb_section et_section_regular et_block_section et_pb_section_parallax section_has_divider et_pb_bottom_divider preset--module--divi-section--69e5f9f772882\"><span class=\"et-pb-parallax-wrapper\"><span class=\"et-pb-parallax-background et-pb-parallax-background--css et-pb-parallax-background-module--divi-section-0\" style=\"background-image:url(https:\/\/www.informaticoscastellon.com\/wp-content\/uploads\/2023\/03\/AdobeStock_307172681-clue-scaled.jpg)\"><\/span><span class=\"et_parallax_gradient et_pb_parallax_css\" style=\"background-image:linear-gradient(350deg, #ffffff 1%,rgba(41,196,169,0) 30% 100%)\"><\/span><\/span><div class=\"et_pb_row_0 et_pb_row et_block_row\"><div class=\"et_pb_column_0 et_pb_column et_pb_column_4_4 et-last-child et_block_column et_pb_css_mix_blend_mode_passthrough\"><div class=\"et_pb_text_0 et_pb_text et_pb_bg_layout_light et_pb_module et_block_module\"><div class=\"et_pb_text_inner\"><h1>Pol\u00edtica de privadesa<\/h1>\n<p><strong>PROTECCI\u00d3 DE DADES DE CAR\u00c0CTER PERSONAL SEGONS EL RGPD<\/strong><\/p>\n<p><strong><\/strong><\/p>\n<div class=\"et_pb_module et_pb_text et_pb_text_2 familiaTitulo  et_pb_text_align_left et_pb_bg_layout_light\">\n<div class=\"et_pb_text_inner\">\n<p>H\u00c9CTOR LINARES MORALES (d&#039;ara endavant INFORM\u00c0TICS CASTELL\u00d3), en aplicaci\u00f3 de la normativa vigent en mat\u00e8ria de protecci\u00f3 de dades de car\u00e0cter personal, informa que les dades personals que es recullen a trav\u00e9s dels formularis del Lloc web: https:\/\/www.informaticoscastellon .com\/, s&#039;inclouen als fitxers automatitzats espec\u00edfics d&#039;usuaris dels serveis d&#039;INFORM\u00c0TICS CASTELL\u00d3.<\/p>\n<p>La recollida i el tractament automatitzat de les dades de car\u00e0cter personal t\u00e9 com a finalitat el manteniment de la relaci\u00f3 comercial i l&#039;exercici de tasques d&#039;informaci\u00f3, formaci\u00f3, assessorament i altres activitats pr\u00f2pies d&#039;INFORM\u00c0TICS CASTELL\u00d3.<\/p>\n<p>Aquestes dades nom\u00e9s seran cedides a aquelles entitats que siguin necess\u00e0ries amb l&#039;\u00fanic objectiu de donar compliment a la finalitat exposada anteriorment.<\/p>\n<p>INFORM\u00c0TICS CASTELL\u00d3 adopta les mesures necess\u00e0ries per garantir la seguretat, integritat i confidencialitat de les dades conforme al que disposa el Reglament (UE) 2016\/679 del Parlament Europeu i del Consell, de 27 d&#039;abril de 2016, relatiu a la protecci\u00f3 de les persones f\u00edsiques pel que fa al tractament de dades personals ia la lliure circulaci\u00f3 d&#039;aquestes, i derogant l&#039;antiga LOPD, la nova Llei Org\u00e0nica 3\/2018, del 5 desembre, de Protecci\u00f3 de Dades i Garantia dels Drets Digitals (LOPDGDD).<\/p>\n<p>El usuario podr\u00e1 en cualquier momento ejercitar los derechos de acceso, oposici\u00f3n, rectificaci\u00f3n, cancelaci\u00f3n, limitaci\u00f3n y portabilidad reconocidos en el citado Reglamento (UE). El ejercicio de estos derechos puede realizarlo el propio usuario a trav\u00e9s de email a: info@informaticoscastellon.com o en la direcci\u00f3n: C\/ Els Ports, 3, C.P. 12005 - Castellon (Castell\u00f3n De La Plana).<\/p>\n<p>L&#039;usuari manifesta que totes les dades facilitades per ell s\u00f3n certes i correctes, i es compromet a mantenir-les actualitzades, comunicant els canvis a H\u00c9CTOR LINARES MORALES<\/p>\n<p><strong>Finalitat del tractament de les dades personals:<\/strong><\/p>\n<p><strong>Amb quina finalitat tractarem les teves dades personals?<\/strong><\/p>\n<p>A INFORM\u00c0TICS CASTELL\u00d3, tractarem les teves dades personals demanades a trav\u00e9s del Lloc Web: https:\/\/www.informaticoscastellon.com\/, amb les finalitats seg\u00fcents:<\/p>\n<ol>\n<li>Donar compliment de les obligacions, comercials, laborals, corporatives i comptables de lempresa.<\/li>\n<li>Enviament d&#039;informaci\u00f3 comercial i butlletins sobre nous serveis oferts a la web i del sector.<\/li>\n<li>El proc\u00e9s darxiu, dactualitzaci\u00f3 dels sistemes, de protecci\u00f3 i cust\u00f2dia dinformaci\u00f3 i bases de dades de lempresa.<\/li>\n<li>Adquirir els productes oferts a trav\u00e9s de la p\u00e0gina web.<\/li>\n<li>Enviar informaci\u00f3 promocional via electr\u00f2nica.<\/li>\n<li>Facilitar la informaci\u00f3 sol\u00b7licitada per lusuari a trav\u00e9s del formulari de contacte.<\/li>\n<\/ol>\n<p>Et recordem que et pots oposar a l&#039;enviament de comunicacions comercials per qualsevol via i en qualsevol moment, remetent un correu electr\u00f2nic a l&#039;adre\u00e7a anteriorment indicada.<\/p>\n<p>Els camps d&#039;aquests registres s\u00f3n d&#039;emplenament obligatori, i \u00e9s impossible fer les finalitats expressades si no s&#039;aporten aquestes dades.<\/p>\n<p><strong>Per quant de temps es conserven les dades personals recollides?<\/strong><\/p>\n<p>Les dades personals proporcionades es conservaran mentre es mantingui la relaci\u00f3 comercial o no en sol\u00b7liciti la supressi\u00f3 i durant el termini pel qual es puguin derivar responsabilitats legals pels serveis prestats.<\/p>\n<p>Legitimaci\u00f3:<\/p>\n<p>El tractament de les teves dades es realitza amb les bases jur\u00eddiques seg\u00fcents que legitimen el mateix:<\/p>\n<ol>\n<li>La sol\u00b7licitud d&#039;informaci\u00f3 i\/o la contractaci\u00f3 dels serveis d&#039;INFORM\u00c0TICS CASTELL\u00d3, els termes i condicions dels quals es posaran a la teva disposici\u00f3 en tot cas, de forma pr\u00e8via a una eventual contractaci\u00f3.<\/li>\n<li>El consentiment lliure, espec\u00edfic, informat i inequ\u00edvoc, en tant que t&#039;informem posant a la teva disposici\u00f3 aquesta pol\u00edtica de privadesa, que despr\u00e9s de la lectura de la mateixa, en cas d&#039;estar conforme, pots acceptar mitjan\u00e7ant una declaraci\u00f3 o una clara acci\u00f3 afirmativa, com el marcatge d&#039;una casella disposada a aquest efecte.<\/li>\n<\/ol>\n<p>En cas que no ens facilitis les teves dades o ho facis de forma err\u00f2nia o incompleta, no podrem atendre la teva sol\u00b7licitud, resultant del tot impossible proporcionar-te la informaci\u00f3 sol\u00b7licitada o dur a terme la contractaci\u00f3 dels serveis.<\/p>\n<p>Destinataris:<\/p>\n<p>Les dades no es comunicaran a cap tercer ali\u00e8 a INFORM\u00c0TICS CASTELL\u00d3, excepte obligaci\u00f3 legal.<\/p>\n<p><strong>Dades recopilades per usuaris dels serveis<\/strong><\/p>\n<p>En els casos en qu\u00e8 l&#039;usuari inclogui fitxers amb dades de car\u00e0cter personal als servidors d&#039;allotjament compartit, INFORM\u00c0TICS CASTELL\u00d3 no es fa responsable de l&#039;incompliment per part de l&#039;usuari de l&#039;RGPD.<\/p>\n<p><strong>Drets propietat intel\u00b7lectual https:\/\/www.informaticoscastellon.com\/<\/strong><\/p>\n<p>INFORM\u00c1TICOS CASTELL\u00d3N es titular de todos los derechos de autor, propiedad intelectual, industrial, \"know how\" y cuantos otros derechos guardan relaci\u00f3n con los contenidos del sitio web https:\/\/www.informaticoscastellon.com\/ y los servicios ofertados en el mismo, as\u00ed como de los programas necesarios para su implementaci\u00f3n y la informaci\u00f3n relacionada.<\/p>\n<p>No es permet la reproducci\u00f3, publicaci\u00f3 i\/o \u00fas no estrictament privat dels continguts, totals o parcials, del lloc web https:\/\/www.informaticoscastellon.com\/ sense el consentiment previ i per escrit.<\/p>\n<p><strong>Propietat intel\u00b7lectual del programari<\/strong><\/p>\n<p>L&#039;usuari ha de respectar els programes de tercers posats a la seva disposici\u00f3 per INFORM\u00c0TICS CASTELL\u00d3, tot i ser gratu\u00efts i\/o de disposici\u00f3 p\u00fablica.<\/p>\n<p>INFORM\u00c0TICS CASTELL\u00d3 disposa dels drets d&#039;explotaci\u00f3 i propietat intel\u00b7lectual necessaris del programari.<\/p>\n<p>L&#039;usuari no adquireix cap dret o llic\u00e8ncia pel servei contractat, sobre el programari necessari per a la prestaci\u00f3 del servei, ni tampoc sobre la informaci\u00f3 t\u00e8cnica de seguiment del servei, excepci\u00f3 feta dels drets i llic\u00e8ncies necessaris per al compliment dels serveis contractats i \u00fanicament durant la durada dels mateixos.<\/p>\n<p>Per a tota actuaci\u00f3 que excedeixi el compliment del contracte, l&#039;usuari necessitar\u00e0 autoritzaci\u00f3 per escrit per part d&#039;INFORM\u00c0TICS CASTELL\u00d3, quedant prohibit a l&#039;usuari accedir, modificar, visualitzar la configuraci\u00f3, estructura i fitxers dels servidors propietat d&#039;INFORM\u00c0TICS CASTELL\u00d3, assumint-ne la responsabilitat civil i penal derivada de qualsevol incid\u00e8ncia que es pogu\u00e9s produir als servidors i sistemes de seguretat com a conseq\u00fc\u00e8ncia directa d&#039;una actuaci\u00f3 negligent o maliciosa per part seva.<\/p>\n<p><strong>Propietat intel\u00b7lectual dels continguts allotjats<\/strong><\/p>\n<p>Es prohibeix l&#039;\u00fas contrari a la legislaci\u00f3 sobre propietat intel\u00b7lectual dels serveis prestats per INFORM\u00c0TICS CASTELL\u00d3 i, en particular:<\/p>\n<ol>\n<li>La utilitzaci\u00f3 que resulti contr\u00e0ria a les lleis espanyoles o que infringeixi els drets de tercers.<\/li>\n<li>La publicaci\u00f3 o la transmissi\u00f3 de qualsevol contingut que, segons el parer d&#039;INFORM\u00c0TICS CASTELL\u00d3, resulti violent, obsc\u00e8, abusiu, il\u00b7legal, racial, xen\u00f2fob o difamatori.<\/li>\n<li>Els cracs, n\u00fameros de s\u00e8rie de programes o qualsevol altre contingut que vulneri drets de la propietat intel\u00b7lectual de tercers.<\/li>\n<li>La recollida i\/o utilitzaci\u00f3 de dades personals d&#039;altres usuaris sense el seu consentiment expr\u00e9s o contravenint el que disposa el Reglament (UE) 2016\/679 del Parlament Europeu i del Consell, de 27 d&#039;abril de 2016, relatiu a la protecci\u00f3 de les persones f\u00edsiques pel que fa al tractament de dades personals ia la lliure circulaci\u00f3 d&#039;aquestes.<\/li>\n<li>La utilitzaci\u00f3 del servidor de correu del domini i de les adreces de correu electr\u00f2nic per a l&#039;enviament de correu massiu no desitjat.<\/li>\n<\/ol>\n<p>L&#039;usuari t\u00e9 tota la responsabilitat sobre el contingut del web, la informaci\u00f3 transmesa i emmagatzemada, els enlla\u00e7os d&#039;hipertext, les reivindicacions de tercers i les accions legals en refer\u00e8ncia a propietat intel\u00b7lectual, drets de tercers i protecci\u00f3 de menors.<\/p>\n<p>L&#039;usuari \u00e9s responsable respecte a les lleis i els reglaments en vigor i les regles que tenen a veure amb el funcionament del servei online, comer\u00e7 electr\u00f2nic, drets d&#039;autor, manteniment de l&#039;ordre p\u00fablic, aix\u00ed com principis universals d&#039;\u00fas d&#039;Internet.<\/p>\n<p>L&#039;usuari indemnitzar\u00e0 INFORM\u00c0TICS CASTELL\u00d3 per les despeses que gener\u00e9s la imputaci\u00f3 d&#039;INFORM\u00c0TICS CASTELL\u00d3 en alguna causa la responsabilitat de la qual fos atribu\u00efble a l&#039;usuari, inclosos honoraris i despeses de defensa jur\u00eddica, fins i tot en cas d&#039;una decisi\u00f3 judicial no definitiva.<\/p>\n<p><strong>Protecci\u00f3 de la informaci\u00f3 allotjada<\/strong><\/p>\n<p>INFORM\u00c0TICS CASTELL\u00d3 realitza c\u00f2pies de seguretat dels continguts allotjats als seus servidors, per\u00f2 no es responsabilitza de la p\u00e8rdua o esborrament accidental de les dades per part dels usuaris. De la mateixa manera, no garanteix la reposici\u00f3 total de les dades esborrades pels usuaris, ja que les dades esmentades podrien haver estat suprimides i\/o modificades durant el per\u00edode del temps transcorregut des de l&#039;\u00faltima c\u00f2pia de seguretat.<\/p>\n<p>Els serveis oferts, excepte els serveis espec\u00edfics de backup, no inclouen la reposici\u00f3 dels continguts conservats a les c\u00f2pies de seguretat realitzades per INFORM\u00c0TICS CASTELL\u00d3, quan aquesta p\u00e8rdua sigui imputable a l&#039;usuari; en aquest cas, es determinar\u00e0 una tarifa d&#039;acord amb la complexitat i el volum de la recuperaci\u00f3, sempre pr\u00e8via acceptaci\u00f3 de l&#039;usuari.<\/p>\n<p>La reposici\u00f3 de dades esborrades nom\u00e9s est\u00e0 inclosa en el preu del servei quan la p\u00e8rdua del contingut sigui deguda a causes atribu\u00efbles a INFORM\u00c0TICS CASTELL\u00d3.<\/p>\n<p><strong>Comunicacions comercials<\/strong><\/p>\n<p>En aplicaci\u00f3 de la LSSI. INFORM\u00c0TICS CASTELL\u00d3 no enviar\u00e0 comunicacions publicit\u00e0ries o promocionals per correu electr\u00f2nic o altre mitj\u00e0 de comunicaci\u00f3 electr\u00f2nica equivalent que pr\u00e8viament no hagin estat sol\u00b7licitades o expressament autoritzades pels destinataris de les mateixes.<\/p>\n<p>En el cas d&#039;usuaris amb qu\u00e8 hi hagi una relaci\u00f3 contractual pr\u00e8via, INFORM\u00c0TICS CASTELL\u00d3 s\u00ed que est\u00e0 autoritzat a l&#039;enviament de comunicacions comercials referents a productes o serveis d&#039;INFORM\u00c0TICS CASTELL\u00d3 que siguin similars als que inicialment van ser objecte de contractaci\u00f3 amb el client.<\/p>\n<p>En tot cas, l&#039;usuari, despr\u00e9s d&#039;acreditar-ne la identitat, podr\u00e0 sol\u00b7licitar que no se li faci arribar m\u00e9s informaci\u00f3 comercial a trav\u00e9s dels canals d&#039;Atenci\u00f3 al Client.<\/p>\n<\/div>\n<\/div>\n<div class=\"et_pb_module et_pb_text et_pb_text_3  et_pb_text_align_left et_pb_bg_layout_light\">\n<div class=\"et_pb_text_inner\"><\/div>\n<\/div>\n<\/div><\/div><\/div><\/div><div class=\"et_pb_bottom_inside_divider et-no-transition\"><\/div><\/div>","protected":false},"excerpt":{"rendered":"","protected":false},"author":1,"featured_media":0,"parent":0,"menu_order":0,"comment_status":"closed","ping_status":"closed","template":"","meta":{"footnotes":""},"class_list":["post-3","page","type-page","status-publish","hentry"],"_links":{"self":[{"href":"https:\/\/www.informaticoscastellon.com\/ca\/wp-json\/wp\/v2\/pages\/3","targetHints":{"allow":["GET"]}}],"collection":[{"href":"https:\/\/www.informaticoscastellon.com\/ca\/wp-json\/wp\/v2\/pages"}],"about":[{"href":"https:\/\/www.informaticoscastellon.com\/ca\/wp-json\/wp\/v2\/types\/page"}],"author":[{"embeddable":true,"href":"https:\/\/www.informaticoscastellon.com\/ca\/wp-json\/wp\/v2\/users\/1"}],"replies":[{"embeddable":true,"href":"https:\/\/www.informaticoscastellon.com\/ca\/wp-json\/wp\/v2\/comments?post=3"}],"version-history":[{"count":5,"href":"https:\/\/www.informaticoscastellon.com\/ca\/wp-json\/wp\/v2\/pages\/3\/revisions"}],"predecessor-version":[{"id":7825,"href":"https:\/\/www.informaticoscastellon.com\/ca\/wp-json\/wp\/v2\/pages\/3\/revisions\/7825"}],"wp:attachment":[{"href":"https:\/\/www.informaticoscastellon.com\/ca\/wp-json\/wp\/v2\/media?parent=3"}],"curies":[{"name":"wp","href":"https:\/\/api.w.org\/{rel}","templated":true}]}}