{"id":4722,"date":"2023-03-17T09:11:38","date_gmt":"2023-03-17T09:11:38","guid":{"rendered":"https:\/\/www.informaticoscastellon.com\/?page_id=4722"},"modified":"2026-04-20T10:03:44","modified_gmt":"2026-04-20T10:03:44","slug":"politica-de-cookies","status":"publish","type":"page","link":"https:\/\/www.informaticoscastellon.com\/ca\/politica-de-cookies\/","title":{"rendered":"Pol\u00edtica de cookies"},"content":{"rendered":"<div class=\"et_pb_section_0 et_pb_section et_section_regular et_block_section et_pb_section_parallax section_has_divider et_pb_bottom_divider preset--module--divi-section--69e5f9f772882\"><span class=\"et-pb-parallax-wrapper\"><span class=\"et-pb-parallax-background et-pb-parallax-background--css et-pb-parallax-background-module--divi-section-0\" style=\"background-image:url(https:\/\/www.informaticoscastellon.com\/wp-content\/uploads\/2023\/03\/AdobeStock_307172681-clue-scaled.jpg)\"><\/span><span class=\"et_parallax_gradient et_pb_parallax_css\" style=\"background-image:linear-gradient(350deg, #ffffff 1%,rgba(41,196,169,0) 30% 100%)\"><\/span><\/span><div class=\"et_pb_row_0 et_pb_row et_block_row\"><div class=\"et_pb_column_0 et_pb_column et_pb_column_4_4 et-last-child et_block_column et_pb_css_mix_blend_mode_passthrough\"><div class=\"et_pb_text_0 et_pb_text et_pb_bg_layout_light et_pb_module et_block_module\"><div class=\"et_pb_text_inner\"><h1>Pol\u00edtica de cookies<\/h1>\n<div class=\"et_pb_module et_pb_text et_pb_text_3  et_pb_text_align_left et_pb_bg_layout_light\">\n<div class=\"et_pb_text_inner\">\n<p>H\u00c9CTOR LINARES MORALES (D&#039;ara endavant INFORM\u00c0TICS CASTELL\u00d3) informa sobre l&#039;\u00fas de les cookies a la seva p\u00e0gina web: https:\/\/www.informaticoscastellon.com\/<\/p>\n<p><strong>Qu\u00e8 s\u00f3n les galetes?<\/strong><\/p>\n<p>Les cookies s\u00f3n arxius que es poden descarregar al vostre equip a trav\u00e9s de les p\u00e0gines web. S\u00f3n eines que tenen un paper essencial per a la prestaci\u00f3 de nombrosos serveis de la societat de la informaci\u00f3. Entre altres, permeten a una p\u00e0gina web emmagatzemar i recuperar informaci\u00f3 sobre els h\u00e0bits de navegaci\u00f3 d&#039;un usuari o del vostre equip i, depenent de la informaci\u00f3 obtinguda, es poden utilitzar per recon\u00e8ixer l&#039;usuari i millorar el servei ofert.<\/p>\n<p><strong>Tipus de cookies<\/strong><\/p>\n<p>Segons qui sigui l&#039;entitat que gestioni el domini des d&#039;on s&#039;envien les galetes i tracti les dades que s&#039;obtinguin es poden distingir dos tipus:<\/p>\n<ul>\n<li>Cookies pr\u00f2pies: Aquelles que s&#039;envien a l&#039;equip terminal de l&#039;usuari des d&#039;un equip o domini gestionat pel mateix editor i des del qual es presta el servei sol\u00b7licitat per l&#039;usuari.<\/li>\n<li>Galetes de tercers: Aquelles que s&#039;envien a l&#039;equip terminal de l&#039;usuari des d&#039;un equip o domini que no \u00e9s gestionat per l&#039;editor, sin\u00f3 per una altra entitat que tracta les dades obtingudes a trav\u00e9s de les galetes.<\/li>\n<\/ul>\n<p>En el cas que les cookies siguin instal\u00b7lades des d&#039;un equip o domini gestionat pel mateix editor per\u00f2 la informaci\u00f3 que es reculli mitjan\u00e7ant aquestes sigui gestionada per un tercer, no poden ser considerades com a cookies pr\u00f2pies.<\/p>\n<p>Hi ha tamb\u00e9 una segona classificaci\u00f3 segons el termini de temps que romanen emmagatzemades al navegador del client, podent tractar-se de:<\/p>\n<ul>\n<li>Cookies de sessi\u00f3: Dissenyades per demanar i emmagatzemar dades mentre l&#039;usuari accedeix a una p\u00e0gina web. Se solen emprar per emmagatzemar informaci\u00f3 que nom\u00e9s interessa conservar per a la prestaci\u00f3 del servei sol\u00b7licitat per l&#039;usuari en una sola ocasi\u00f3 (pe una llista de productes adquirits).<\/li>\n<li>Cookies persistents: Les dades segueixen emmagatzemades al terminal i poden ser accedides i tractades durant un per\u00edode definit pel responsable de la galeta, i que pot anar d&#039;uns minuts a diversos anys.<\/li>\n<\/ul>\n<p>Finalment, hi ha una altra classificaci\u00f3 amb sis tipus de cookies segons la finalitat per a la qual es tractin les dades obtingudes:<\/p>\n<ul>\n<li>Cookies t\u00e8cniques: Aquelles que permeten a l&#039;usuari la navegaci\u00f3 a trav\u00e9s d&#039;una p\u00e0gina web, plataforma o aplicaci\u00f3 i la utilitzaci\u00f3 de les diferents opcions o serveis que hi hagi com, per exemple, controlar el tr\u00e0nsit i la comunicaci\u00f3 de dades, identificar la sessi\u00f3 , accedir a parts d&#039;acc\u00e9s restringit, recordar els elements que integren una comanda, fer el proc\u00e9s de compra d&#039;una comanda, fer la sol\u00b7licitud d&#039;inscripci\u00f3 o participaci\u00f3 en un esdeveniment, utilitzar elements de seguretat durant la navegaci\u00f3, emmagatzemar continguts per a la difusi\u00f3 de v\u00eddeos o so o compartir continguts a trav\u00e9s de xarxes socials.<\/li>\n<li>Galetes de personalitzaci\u00f3: Permeten a l&#039;usuari accedir al servei amb algunes caracter\u00edstiques de car\u00e0cter general predefinides en funci\u00f3 d&#039;una s\u00e8rie de criteris al terminal de l&#039;usuari com ara serien l&#039;idioma, el tipus de navegador a trav\u00e9s del qual accedeix al servei, la configuraci\u00f3 regional des d&#039;on accedeix al servei, etc.<\/li>\n<li>Cookies d&#039;an\u00e0lisi: Permeten al responsable de les mateixes, el seguiment i l&#039;an\u00e0lisi del comportament dels usuaris dels llocs web als quals estan vinculades. La informaci\u00f3 recollida mitjan\u00e7ant aquest tipus de cookies s&#039;utilitza en el mesurament de l&#039;activitat dels llocs web, aplicaci\u00f3 o plataforma i per a l&#039;elaboraci\u00f3 de perfils de navegaci\u00f3 dels usuaris d&#039;aquests llocs, aplicacions i plataformes, per introduir millores a funci\u00f3 de lan\u00e0lisi de les dades d\u00fas que fan els usuaris del servei.<\/li>\n<li>Galetes publicit\u00e0ries: Permeten la gesti\u00f3, de la manera m\u00e9s efica\u00e7 possible, dels espais publicitaris.<\/li>\n<li>Cookies de publicitat comportamental: Emmagatzemen informaci\u00f3 del comportament dels usuaris obtinguda a trav\u00e9s de l&#039;observaci\u00f3 continuada dels seus h\u00e0bits de navegaci\u00f3, cosa que permet desenvolupar un perfil espec\u00edfic per mostrar publicitat en funci\u00f3 del mateix.<\/li>\n<li>Galetes de xarxes socials externes: S&#039;utilitzen perqu\u00e8 els visitants puguin interactuar amb el contingut de diferents plataformes socials (facebook, youtube, twitter, linkedIn, etc..) i que es generin \u00fanicament per als usuaris d&#039;aquestes xarxes socials. Les condicions d&#039;utilitzaci\u00f3 d&#039;aquestes galetes i la informaci\u00f3 recopilada es regula per la pol\u00edtica de privadesa de la plataforma social corresponent.<\/li>\n<\/ul>\n<p><strong>Desactivaci\u00f3 i eliminaci\u00f3 de cookies<\/strong><\/p>\n<p><a class=\"cky-banner-element\">Configura Cookies<\/a><\/p>\n<p>Teniu l&#039;opci\u00f3 de permetre, bloquejar o eliminar les cookies instal\u00b7lades al vostre equip mitjan\u00e7ant la configuraci\u00f3 de les opcions del navegador instal\u00b7lat al vostre equip. En desactivar galetes, alguns dels serveis disponibles podrien deixar d&#039;estar operatius. La manera de deshabilitar les galetes \u00e9s diferent per a cada navegador, per\u00f2 normalment es pot fer des del men\u00fa Eines o Opcions. Tamb\u00e9 podeu consultar el men\u00fa d&#039;Ajuda del navegador on podeu trobar instruccions. L&#039;usuari podr\u00e0 en qualsevol moment triar quines galetes vol que funcionin en aquest lloc web.<\/p>\n<p>Podeu permetre, bloquejar o eliminar les cookies instal\u00b7lades al vostre equip mitjan\u00e7ant la configuraci\u00f3 de les opcions del navegador instal\u00b7lat al vostre ordinador:<\/p>\n<ul>\n<li>Microsoft Internet Explorer o Microsoft Edge: http:\/\/windows.microsoft.com\/es-es\/windows-vista\/Block-or-allow-cookies<\/li>\n<li>Mozilla Firefox: http:\/\/support.mozilla.org\/es\/kb\/impedir-que-los-sitios-web-guarden-sus-preferencia<\/li>\n<li>Chrome: https:\/\/support.google.com\/accounts\/answer\/61416?hl=ca<\/li>\n<li>Safari: http:\/\/safari.helpmax.net\/es\/privacidad-y-seguridad\/como-gestionar-las-cookies\/<\/li>\n<li>Opera: http:\/\/help.opera.com\/Linux\/10.60\/ca-ES\/cookies.html<\/li>\n<\/ul>\n<p>A m\u00e9s, tamb\u00e9 podeu gestionar el magatzem de cookies al vostre navegador a trav\u00e9s d&#039;eines com les seg\u00fcents:<\/p>\n<ul>\n<li>Ghostery: www.ghostery.com<\/li>\n<li>Your Online Choices: www.youronlinechoices.com\/es\/<\/li>\n<\/ul>\n<p>Cookies utilitzades a https:\/\/www.informaticoscastellon.com\/<\/p>\n<p>A continuaci\u00f3 s&#039;identifiquen les galetes que estan sent utilitzades en aquest portal aix\u00ed com la seva tipologia i funci\u00f3:<\/p>\n<ul class=\"cky-table-wrapper cookyePhaterTag\">\n<li>_ga<\/li>\n<ul>\n<li>Durada: 2 anys<\/li>\n<li>Descripci\u00f3: Serveix per distingir els usuaris. Generada per Google Analytics. excepte quan la llei li obligui a aix\u00f2 o sigui necessari per al funcionament del sistema Google no associa la seva adre\u00e7a IP amb cap altra informaci\u00f3 que tingui Si voleu obtenir m\u00e9s informaci\u00f3 sobre les cookies usades per Google Analytics, si us plau accediu a aquesta adre\u00e7a: https:\/\/developers.google.com\/analytics\/devguides\/collection\/analyticsjs\/cookie-usage?hl=ca&amp;csw=1<\/li>\n<li>Tipus: Tercer<\/li>\n<li>Finalitat: Anal\u00edtica<\/li>\n<\/ul>\n<li>_ga_5RN9LG2EXJ<\/li>\n<ul>\n<li>Durada: 1 any i 1 mes<\/li>\n<li>Descripci\u00f3: Aquesta galeta \u00e9s utilitzada per Google Analytics per mantenir l&#039;estat de la sessi\u00f3.<\/li>\n<li>Tipus: Tercer<\/li>\n<li>Finalitat: Anal\u00edtica<\/li>\n<\/ul>\n<li>cookieyes-consent<\/li>\n<ul>\n<li>Durada: 1 any<\/li>\n<li>Descripci\u00f3: CookieYes estableix aquesta galeta per recordar les prefer\u00e8ncies de consentiment dels usuaris, de manera que les vostres prefer\u00e8ncies siguin respectades en visites posteriors a aquest lloc. No recopila ni emmagatzema informaci\u00f3 personal sobre els visitants del lloc.<\/li>\n<li>Tipus: Tercer<\/li>\n<li>Finalitat: Personalitzaci\u00f3<\/li>\n<\/ul>\n<li>sbjs_current<\/li>\n<ul>\n<li>Durada: Sessi\u00f3<\/li>\n<li>Descripci\u00f3: Aquesta galeta serveix per identificar l&#039;origen d&#039;una visita i emmagatzemar informaci\u00f3 sobre l&#039;acci\u00f3 de l&#039;usuari en una galeta. \u00c9s una galeta anal\u00edtica i de comportament que s&#039;utilitza per millorar l&#039;experi\u00e8ncia del visitant al lloc web.<\/li>\n<li>Tipus: Tercer<\/li>\n<li>Finalitat: Anal\u00edtica<\/li>\n<\/ul>\n<li>sbjs_current_add<\/li>\n<ul>\n<li>Durada: Sessi\u00f3<\/li>\n<li>Descripci\u00f3: Aquesta galeta serveix per identificar l&#039;origen d&#039;una visita i emmagatzemar informaci\u00f3 sobre l&#039;acci\u00f3 de l&#039;usuari en una galeta. \u00c9s una galeta anal\u00edtica i de comportament que s&#039;utilitza per millorar l&#039;experi\u00e8ncia del visitant al lloc web.<\/li>\n<li>Tipus: Tercer<\/li>\n<li>Finalitat: Anal\u00edtica<\/li>\n<\/ul>\n<li>sbjs_first<\/li>\n<ul>\n<li>Durada: Sessi\u00f3<\/li>\n<li>Descripci\u00f3: Aquesta galeta serveix per identificar l&#039;origen d&#039;una visita i emmagatzemar informaci\u00f3 sobre l&#039;acci\u00f3 de l&#039;usuari en una galeta. \u00c9s una galeta anal\u00edtica i de comportament que s&#039;utilitza per millorar l&#039;experi\u00e8ncia del visitant al lloc web.<\/li>\n<li>Tipus: Tercer<\/li>\n<li>Finalitat: Anal\u00edtica<\/li>\n<\/ul>\n<li>sbjs_first_add<\/li>\n<ul>\n<li>Durada: Sessi\u00f3<\/li>\n<li>Descripci\u00f3: Aquesta galeta serveix per identificar l&#039;origen d&#039;una visita i emmagatzemar informaci\u00f3 sobre l&#039;acci\u00f3 de l&#039;usuari en una galeta. \u00c9s una galeta anal\u00edtica i de comportament que s&#039;utilitza per millorar l&#039;experi\u00e8ncia del visitant al lloc web.<\/li>\n<li>Tipus: Tercer<\/li>\n<li>Finalitat: Anal\u00edtica<\/li>\n<\/ul>\n<li>sbjs_migrations<\/li>\n<ul>\n<li>Durada: Sessi\u00f3<\/li>\n<li>Descripci\u00f3: Aquesta galeta serveix per identificar l&#039;origen d&#039;una visita i emmagatzemar informaci\u00f3 sobre l&#039;acci\u00f3 de l&#039;usuari en una galeta. \u00c9s una galeta anal\u00edtica i de comportament que s&#039;utilitza per millorar l&#039;experi\u00e8ncia del visitant al lloc web.<\/li>\n<li>Tipus: Tercer<\/li>\n<li>Finalitat: Anal\u00edtica<\/li>\n<\/ul>\n<li>sbjs_session<\/li>\n<ul>\n<li>Durada: 30 minuts<\/li>\n<li>Descripci\u00f3: Aquesta galeta serveix per identificar l&#039;origen d&#039;una visita i emmagatzemar informaci\u00f3 sobre l&#039;acci\u00f3 de l&#039;usuari en una galeta. \u00c9s una galeta anal\u00edtica i de comportament que s&#039;utilitza per millorar l&#039;experi\u00e8ncia del visitant al lloc web.<\/li>\n<li>Tipus: Tercer<\/li>\n<li>Finalitat: Anal\u00edtica<\/li>\n<\/ul>\n<li>sbjs_udata<\/li>\n<ul>\n<li>Durada: Sessi\u00f3<\/li>\n<li>Descripci\u00f3: Aquesta galeta serveix per identificar l&#039;origen d&#039;una visita i emmagatzemar informaci\u00f3 sobre l&#039;acci\u00f3 de l&#039;usuari en una galeta. \u00c9s una galeta anal\u00edtica i de comportament que s&#039;utilitza per millorar l&#039;experi\u00e8ncia del visitant al lloc web.<\/li>\n<li>Tipus: Tercer<\/li>\n<li>Finalitat: Anal\u00edtica<\/li>\n<\/ul>\n<\/ul>\n<p>&nbsp;<\/p>\n<p>https:\/\/www.informaticoscastellon.com\/ mostra informaci\u00f3 sobre la seva Pol\u00edtica de cookies a la part inferior o superior de qualsevol p\u00e0gina del portal amb cada inici de sessi\u00f3.<\/p>\n<p>Davant d&#039;aquesta informaci\u00f3 \u00e9s possible dur a terme les accions seg\u00fcents:<\/p>\n<ul>\n<li>Acceptar cookies: No es tornar\u00e0 a visualitzar aquest av\u00eds en accedir a qualsevol p\u00e0gina del portal durant aquesta sessi\u00f3.<\/li>\n<li>Modificar\/personalitzar la vostra configuraci\u00f3: Podreu obtenir m\u00e9s informaci\u00f3 sobre qu\u00e8 s\u00f3n les cookies, con\u00e8ixer la Pol\u00edtica de cookies de: https:\/\/www.informaticoscastellon.com\/ i modificar la configuraci\u00f3 del vostre navegador.<\/li>\n<\/ul>\n<\/div>\n<\/div>\n<\/div><\/div><\/div><\/div><div class=\"et_pb_bottom_inside_divider et-no-transition\"><\/div><\/div>","protected":false},"excerpt":{"rendered":"","protected":false},"author":1,"featured_media":0,"parent":0,"menu_order":0,"comment_status":"closed","ping_status":"closed","template":"","meta":{"footnotes":""},"class_list":["post-4722","page","type-page","status-publish","hentry"],"_links":{"self":[{"href":"https:\/\/www.informaticoscastellon.com\/ca\/wp-json\/wp\/v2\/pages\/4722","targetHints":{"allow":["GET"]}}],"collection":[{"href":"https:\/\/www.informaticoscastellon.com\/ca\/wp-json\/wp\/v2\/pages"}],"about":[{"href":"https:\/\/www.informaticoscastellon.com\/ca\/wp-json\/wp\/v2\/types\/page"}],"author":[{"embeddable":true,"href":"https:\/\/www.informaticoscastellon.com\/ca\/wp-json\/wp\/v2\/users\/1"}],"replies":[{"embeddable":true,"href":"https:\/\/www.informaticoscastellon.com\/ca\/wp-json\/wp\/v2\/comments?post=4722"}],"version-history":[{"count":10,"href":"https:\/\/www.informaticoscastellon.com\/ca\/wp-json\/wp\/v2\/pages\/4722\/revisions"}],"predecessor-version":[{"id":7831,"href":"https:\/\/www.informaticoscastellon.com\/ca\/wp-json\/wp\/v2\/pages\/4722\/revisions\/7831"}],"wp:attachment":[{"href":"https:\/\/www.informaticoscastellon.com\/ca\/wp-json\/wp\/v2\/media?parent=4722"}],"curies":[{"name":"wp","href":"https:\/\/api.w.org\/{rel}","templated":true}]}}