{"id":5907,"date":"2023-10-23T13:50:29","date_gmt":"2023-10-23T13:50:29","guid":{"rendered":"https:\/\/www.informaticoscastellon.com\/?page_id=5907"},"modified":"2026-04-20T10:03:46","modified_gmt":"2026-04-20T10:03:46","slug":"manteniment-informatic-i-suport-informatic","status":"publish","type":"page","link":"https:\/\/www.informaticoscastellon.com\/ca\/manteniment-informatic-i-suport-informatic\/","title":{"rendered":"Manteniment inform\u00e0tic i suport inform\u00e0tic"},"content":{"rendered":"<div class=\"et_pb_section_0 et_pb_section et_section_regular et_block_section et_animated section_has_divider et_pb_bottom_divider preset--module--divi-section--69e5f9f772882\"><div class=\"et_pb_row_0 et_pb_row et_block_row et_animated\"><div class=\"et_pb_column_0 et_pb_column et_pb_column_1_2 et_block_column et_pb_css_mix_blend_mode_passthrough\"><div class=\"et_pb_code_0 et_pb_code et_pb_text_align_center et_pb_module logoSVG_cuadros\"><div class=\"et_pb_code_inner\"><!--?xml version=\"1.0\" encoding=\"utf-8\"?-->\n<svg viewbox=\"203.211 99.454 156.376 156.617\" xmlns=\"http:\/\/www.w3.org\/2000\/svg\" width=\"100%\" height=\"100%\">\n  <rect x=\"269.927\" y=\"215.436\" width=\"47\" height=\"47\" rx=\"5.078\" ry=\"5.078\" style=\"fill: rgb(0, 108, 217); fill-opacity: 0.5; vector-effect: non-scaling-stroke; paint-order: fill; stroke-miterlimit: 22; stroke-linecap: round; stroke-linejoin: round; stroke: rgb(0, 108, 217); stroke-opacity: 0.5;\" transform=\"matrix(1, 0, 0, 1, 42.660259, -6.364756)\" class=\"logoSoloBoxes-1\"><\/rect>\n  <rect x=\"215.393\" y=\"215.436\" width=\"47\" height=\"47\" rx=\"5.078\" ry=\"5.078\" style=\"fill: rgb(0, 108, 217); fill-opacity: 0.62; vector-effect: non-scaling-stroke; paint-order: fill; stroke-miterlimit: 22; stroke-linecap: round; stroke-linejoin: round; stroke-opacity: 0.62; stroke: rgb(0, 108, 217);\" transform=\"matrix(1, 0, 0, 1, 42.660259, -6.364756)\" class=\"logoSoloBoxes-2\"><\/rect>\n  <rect x=\"215.393\" y=\"160.6\" width=\"47\" height=\"47\" rx=\"5.078\" ry=\"5.078\" style=\"fill: rgb(0, 108, 217); fill-opacity: 0.77; vector-effect: non-scaling-stroke; paint-order: fill; stroke-miterlimit: 22; stroke-linecap: round; stroke-linejoin: round; stroke-opacity: 0.77; stroke: rgb(0, 108, 217);\" transform=\"matrix(1, 0, 0, 1, 42.660259, -6.364756)\" class=\"logoSoloBoxes-3\"><\/rect>\n  <rect x=\"215.393\" width=\"47\" height=\"47\" rx=\"5.078\" ry=\"5.078\" style=\"fill: rgb(0, 108, 217); fill-opacity: 0.87; vector-effect: non-scaling-stroke; paint-order: fill; stroke-miterlimit: 22; stroke-linecap: round; stroke-linejoin: round; stroke-opacity: 0.87; stroke: rgb(0, 108, 217);\" y=\"105.819\" transform=\"matrix(1, 0, 0, 1, 42.660259, -6.364756)\" class=\"logoSoloBoxes-4\"><\/rect>\n  <rect x=\"269.927\" width=\"47\" height=\"47\" rx=\"5.078\" ry=\"5.078\" style=\"fill: rgb(0, 108, 217); fill-opacity: 0.77; vector-effect: non-scaling-stroke; paint-order: fill; stroke-miterlimit: 22; stroke-linecap: round; stroke-linejoin: round; stroke-opacity: 0.77; stroke: rgb(0, 108, 217);\" y=\"105.819\" transform=\"matrix(1, 0, 0, 1, 42.660259, -6.364756)\" class=\"logoSoloBoxes-5\"><\/rect>\n  <rect x=\"160.551\" y=\"215.436\" width=\"47\" height=\"47\" rx=\"5.078\" ry=\"5.078\" style=\"fill: rgb(0, 0, 102); fill-opacity: 0.77; vector-effect: non-scaling-stroke; paint-order: fill; stroke-miterlimit: 22; stroke-linecap: round; stroke-linejoin: round; stroke-opacity: 0.77; stroke: rgb(0, 0, 102);\" transform=\"matrix(1, 0, 0, 1, 42.660259, -6.364756)\" class=\"logoSoloBoxes-6\"><\/rect>\n  <rect x=\"160.551\" y=\"160.6\" width=\"47\" height=\"47\" rx=\"5.078\" ry=\"5.078\" style=\"fill: rgb(0, 0, 102); fill-opacity: 0.87; vector-effect: non-scaling-stroke; paint-order: fill; stroke-miterlimit: 22; stroke-linecap: round; stroke-linejoin: round; stroke-opacity: 0.87; stroke: rgb(0, 0, 102);\" transform=\"matrix(1, 0, 0, 1, 42.660259, -6.364756)\" class=\"logoSoloBoxes-7\"><\/rect>\n  <rect x=\"160.551\" width=\"47\" height=\"47\" rx=\"5.078\" ry=\"5.078\" style=\"fill: rgb(0, 0, 102); fill-opacity: 0.97; vector-effect: non-scaling-stroke; paint-order: fill; stroke-miterlimit: 22; stroke-linecap: round; stroke-linejoin: round; stroke-opacity: 0.97; stroke: rgb(0, 0, 102);\" y=\"105.819\" transform=\"matrix(1, 0, 0, 1, 42.660259, -6.364756)\" class=\"logoSoloBoxes-8\"><\/rect>\n<\/svg><\/div><\/div><div class=\"et_pb_text_0 et_pb_text et_pb_bg_layout_dark et_animated et_pb_module et_block_module et_pb_text_align_center et_pb_text_align_center-tablet et_pb_text_align_center-phone\"><div class=\"et_pb_text_inner\"><h1 class=\" translation-block\">Els teus experts en<br><span class=\"underline_white\">manteniment inform\u00e0tic<\/span><\/h1>\n<\/div><\/div><div class=\"et_pb_text_1 et_pb_text et_pb_bg_layout_dark et_animated et_pb_module et_block_module et_pb_text_align_center et_pb_text_align_center-tablet et_pb_text_align_center-phone\"><div class=\"et_pb_text_inner\"><h2 class=\" translation-block\">Des d\u2019ara<br>sense quotes<br>sense tiquets<\/h2>\n<\/div><\/div><div class=\"et_pb_text_2 et_pb_text et_pb_bg_layout_dark et_animated et_pb_module et_block_module et_pb_text_align_center et_pb_text_align_center-tablet et_pb_text_align_center-phone\"><div class=\"et_pb_text_inner\"><h6>Un departament inform\u00e0tic a la vostra disposici\u00f3 permanent. Un servei proper i efica\u00e7 impulsant empreses i aut\u00f2noms des de fa 15 anys.<\/h6>\n<\/div><\/div><div class=\"et_pb_module et_pb_button_module_wrapper et_pb_button_0_wrapper\"><a class=\"et_pb_button_0 et_pb_button et_pb_bg_layout_light et_animated et_pb_module et_block_module\" href=\"#teLlamamosNosotros\" data-icon=\"&amp;\">Contactar <\/a><\/div><div class=\"et_pb_blurb_0 et_pb_blurb et_pb_bg_layout_light et_pb_blurb_position_left et_animated et_clickable et_pb_module et_block_module\"><div class=\"et_pb_blurb_content\"><div class=\"et_pb_main_blurb_image\"><span class=\"et_pb_image_wrap\"><span class=\"et-pb-icon et_animated et_animated\">\uf063<\/span><\/span><\/div><div class=\"et_pb_blurb_container\"><\/div><\/div><\/div><\/div><div class=\"et_pb_column_1 et_pb_column et_pb_column_1_2 et-last-child et_block_column et_pb_column_empty et_pb_css_mix_blend_mode_passthrough\"><\/div><\/div><div class=\"et_pb_bottom_inside_divider et-no-transition\"><\/div><\/div><div class=\"et_pb_section_1 et_pb_section et_section_regular et_block_section preset--module--divi-section--69e5f9f772882\" id=\"link1\"><div class=\"et_pb_row_1 et_pb_row et_block_row\"><div class=\"et_pb_column_2 et_pb_column et_pb_column_4_4 et-last-child et_block_column et_pb_css_mix_blend_mode_passthrough\"><div class=\"et_pb_text_3 et_pb_text et_pb_bg_layout_light et_animated et_pb_module et_block_module et_pb_text_align_center\"><div class=\"et_pb_text_inner\"><h4 class=\" translation-block\"><span class=\"typed1\">\u00bf <span class=\"underline_blue\">Qu\u00e8<\/span> necessites ?<\/span><\/h4>\n<\/div><\/div><\/div><\/div><div class=\"et_pb_row_2 et_pb_row et_block_row\"><div class=\"et_pb_column_3 et_pb_column et_pb_column_2_5 et_block_column et_pb_css_mix_blend_mode_passthrough\"><div class=\"et_pb_text_4 et_pb_text et_pb_bg_layout_light et_animated et_pb_module et_block_module et_pb_text_align_center-tablet et_pb_text_align_center-phone\"><div class=\"et_pb_text_inner\"><p>A Inform\u00e0tics Castell\u00f3 t&#039;oferim solucions tecnol\u00f2giques i serveis inform\u00e0tics que milloren el potencial del teu negoci El que necessitis segons el moment.<\/p>\n<\/div><\/div><div class=\"et_pb_image_0 et_pb_image et_animated et_pb_module et_block_module\"><span class=\"et_pb_image_wrap\"><img decoding=\"async\" src=\"https:\/\/www.informaticoscastellon.com\/wp-content\/uploads\/2022\/12\/informaticoscastellon-logo-encajado-horizontal.png\" title=\"informaticscastellon-logo-encaixat-horitzontal\" \/><\/span><\/div><\/div><div class=\"et_pb_column_4 et_pb_column et_pb_column_3_5 et-last-child et_block_column et_pb_css_mix_blend_mode_passthrough\"><div class=\"et_pb_accordion_0 et_pb_accordion et_animated et_pb_module et_block_module\"><div class=\"et_pb_accordion_item_0 et_pb_accordion_item et_pb_toggle et_pb_module et_pb_toggle_open et_block_module\"><h5 class=\"et_pb_toggle_title\">Gesti\u00f3 de la teva inform\u00e0tica<\/h5><div class=\"et_pb_toggle_content\"><p>Gesti\u00f3 integral oa mida. Ens encarreguem de tota la teva inform\u00e0tica perqu\u00e8 el teu negoci i els teus projectes puguin cr\u00e9ixer i desenvolupar-se sense preocupacions.<\/p>\n<\/div><\/div><div class=\"et_pb_accordion_item_1 et_pb_accordion_item et_pb_toggle et_pb_module et_pb_toggle_close et_block_module\"><h5 class=\"et_pb_toggle_title\">Assessorament tecnol\u00f2gic<\/h5><div class=\"et_pb_toggle_content\"><p><span>Consultoria i assessoria tecnol\u00f2gica i inform\u00e0tica, transparent ia la teva mida. Ens encarreguem de buscar solucions i ajudar-te a triar la millor per al teu negoci, tant pr\u00f2pies com de tercers; analitzem, intervinguem i coordinem cenyint-nos als teus interessos.<\/span><\/p>\n<\/div><\/div><div class=\"et_pb_accordion_item_2 et_pb_accordion_item et_pb_toggle et_pb_module et_pb_toggle_close et_block_module\"><h5 class=\"et_pb_toggle_title\">Efici\u00e8ncia i Estalvi<\/h5><div class=\"et_pb_toggle_content\"><p><span>La compet\u00e8ncia actual sovint redueix els nostres marges. Per minimitzar aquesta realitat avaluem els teus m\u00e8todes de treball i sistemes inform\u00e0tics a la recerca de punts on estalviar temps i recursos.<br \/>De vegades amb molt poc es pot estalviar molt: b\u00e9 implementant solucions tecnol\u00f2giques o b\u00e9 explotant millor els teus recursos.<\/span><\/p>\n<\/div><\/div><div class=\"et_pb_accordion_item_3 et_pb_accordion_item et_pb_toggle et_pb_module et_pb_toggle_close et_block_module\"><h5 class=\"et_pb_toggle_title\">Prevenci\u00f3 i seguretat<\/h5><div class=\"et_pb_toggle_content\"><p>Revisem els sistemes de forma peri\u00f2dica per prevenir indicid\u00e8ncies. Gesti\u00f3 de les actualitzacions, c\u00f2pies de seguretat, espai, antivirus, tallafocs, registres d&#039;alertes en servidors.<\/p>\n<\/div><\/div><\/div><\/div><\/div><div class=\"et_pb_row_3 et_pb_row et_block_row\"><div class=\"et_pb_column_5 et_pb_column et_pb_column_4_4 et-last-child et_block_column et_pb_css_mix_blend_mode_passthrough\"><div class=\"et_pb_module et_pb_button_module_wrapper et_pb_button_1_wrapper\"><a class=\"et_pb_button_1 et_pb_button et_pb_bg_layout_light et_animated et_pb_module et_block_module\" href=\"#teLlamamosNosotros\" data-icon=\"&amp;\">Contactar <\/a><\/div><div class=\"et_pb_blurb_1 et_pb_blurb et_pb_bg_layout_light et_pb_blurb_position_left et_animated et_clickable et_pb_module et_block_module\"><div class=\"et_pb_blurb_content\"><div class=\"et_pb_main_blurb_image\"><span class=\"et_pb_image_wrap\"><span class=\"et-pb-icon et_animated et_animated\">\uf063<\/span><\/span><\/div><div class=\"et_pb_blurb_container\"><\/div><\/div><\/div><\/div><\/div><\/div><div class=\"et_pb_section_2 et_pb_section et_section_regular et_block_section et_pb_section_parallax section_has_divider et_pb_top_divider et_pb_bottom_divider preset--module--divi-section--69e5f9f772882\"><div class=\"et_pb_top_inside_divider et-no-transition\"><\/div><span class=\"et-pb-parallax-wrapper\"><span class=\"et-pb-parallax-background et-pb-parallax-background--css et-pb-parallax-background-module--divi-section-2 et_parallax_bg_tablet_exist et_parallax_bg_phone_exist\" style=\"background-image:url(https:\/\/www.informaticoscastellon.com\/wp-content\/uploads\/2023\/03\/chica-portatil-negocios-informatico-castellon.jpg)\"><\/span><span class=\"et_parallax_gradient et_pb_parallax_css et_parallax_gradient_tablet_exist et_parallax_gradient_phone_exist\" style=\"background-image:linear-gradient(102deg, #2b87da 11%,rgba(41,196,169,0) 51% 100%)\"><\/span><\/span><span class=\"et-pb-parallax-wrapper\"><span class=\"et-pb-parallax-background et-pb-parallax-background--css et-pb-parallax-background_tablet et-pb-parallax-background_tablet-module--divi-section-2 et_parallax_bg_phone_exist\" style=\"background-image:url(https:\/\/www.informaticoscastellon.com\/wp-content\/uploads\/2023\/03\/chica-portatil-negocios-informatico-castellon.jpg)\"><\/span><span class=\"et_parallax_gradient et_parallax_gradient_tablet et_pb_parallax_css et_parallax_gradient_phone_exist\" style=\"background-image:linear-gradient(102deg, #2b87da 11%,rgba(41,196,169,0) 51% 100%)\"><\/span><\/span><span class=\"et-pb-parallax-wrapper\"><span class=\"et-pb-parallax-background et-pb-parallax-background--css et-pb-parallax-background_phone et-pb-parallax-background_phone-module--divi-section-2 et_parallax_bg_tablet_exist\" style=\"background-image:url(https:\/\/www.informaticoscastellon.com\/wp-content\/uploads\/2023\/03\/chica-portatil-negocios-informatico-castellon.jpg)\"><\/span><span class=\"et_parallax_gradient et_parallax_gradient_phone et_pb_parallax_css et_parallax_gradient_tablet_exist\" style=\"background-image:linear-gradient(102deg, #2b87da 11%,rgba(41,196,169,0) 51% 100%)\"><\/span><\/span><div class=\"et_pb_row_4 et_pb_row et_block_row et_animated\" id=\"link2\"><div class=\"et_pb_column_6 et_pb_column et_pb_column_1_2 et_block_column et_pb_css_mix_blend_mode_passthrough\"><div class=\"et_pb_text_5 et_pb_text et_pb_bg_layout_light et_animated et_pb_module et_block_module et_pb_text_align_center\"><div class=\"et_pb_text_inner\"><h4 class=\" translation-block\"><span class=\"typed1\">\u00bf <span class=\"underline_blue\">Com<\/span> ho fem ?<\/span><\/h4>\n<\/div><\/div><\/div><div class=\"et_pb_column_7 et_pb_column et_pb_column_1_2 et-last-child et_block_column et_pb_column_empty et_pb_css_mix_blend_mode_passthrough\"><\/div><\/div><div class=\"et_pb_row_5 et_pb_row et_pb_equal_columns et_pb_gutters2 et_block_row et_animated\"><div class=\"et_pb_column_8 et_pb_column et_pb_column_1_3 et_block_column et_pb_css_mix_blend_mode_passthrough\"><div class=\"et_pb_text_6 et_pb_text et_pb_bg_layout_light et_animated et_pb_module et_block_module\"><div class=\"et_pb_text_inner\"><h6>01<\/h6>\n<\/div><\/div><div class=\"et_pb_text_7 et_pb_text et_pb_bg_layout_light et_animated et_pb_module et_block_module\"><div class=\"et_pb_text_inner\"><h5>F\u00e0cil<\/h5>\n<p>Tarifes a mida, packs d&#039;hores o contractes personalitzats, tant de suport inform\u00e0tic com de manteniment inform\u00e0tic. Ens agrada que tinguis les coses clares, sense sorpreses.<\/p>\n<\/div><\/div><\/div><div class=\"et_pb_column_9 et_pb_column et_pb_column_1_3 et_block_column et_pb_column_empty et_pb_css_mix_blend_mode_passthrough\"><\/div><div class=\"et_pb_column_10 et_pb_column et_pb_column_1_3 et-last-child et_block_column et_pb_column_empty et_pb_css_mix_blend_mode_passthrough\"><\/div><\/div><div class=\"et_pb_row_6 et_pb_row et_pb_equal_columns et_pb_gutters2 et_block_row et_animated\"><div class=\"et_pb_column_11 et_pb_column et_pb_column_1_3 et_block_column et_pb_css_mix_blend_mode_passthrough\"><div class=\"et_pb_text_8 et_pb_text et_pb_bg_layout_light et_animated et_pb_module et_block_module\"><div class=\"et_pb_text_inner\"><h6>02<\/h6>\n<\/div><\/div><div class=\"et_pb_text_9 et_pb_text et_pb_bg_layout_light et_animated et_pb_module et_block_module\"><div class=\"et_pb_text_inner\"><h5>R\u00e0pid<\/h5>\n<p>Truca&#039;ns o escriu-nos un WhatsApp o correu electr\u00f2nic, ens posarem en contacte amb tu el m\u00e9s aviat possible, sense filtres de trucada ni llargs temps d&#039;espera.<\/p>\n<\/div><\/div><\/div><div class=\"et_pb_column_12 et_pb_column et_pb_column_1_3 et_block_column et_pb_column_empty et_pb_css_mix_blend_mode_passthrough\"><\/div><div class=\"et_pb_column_13 et_pb_column et_pb_column_1_3 et-last-child et_block_column et_pb_column_empty et_pb_css_mix_blend_mode_passthrough\"><\/div><\/div><div class=\"et_pb_row_7 et_pb_row et_pb_equal_columns et_pb_gutters2 et_block_row et_animated\"><div class=\"et_pb_column_14 et_pb_column et_pb_column_1_3 et_block_column et_pb_css_mix_blend_mode_passthrough\"><div class=\"et_pb_text_10 et_pb_text et_pb_bg_layout_light et_animated et_pb_module et_block_module\"><div class=\"et_pb_text_inner\"><h6>03<\/h6>\n<\/div><\/div><div class=\"et_pb_text_11 et_pb_text et_pb_bg_layout_light et_animated et_pb_module et_block_module\"><div class=\"et_pb_text_inner\"><h5>Efectiu<\/h5>\n<p>Connectem amb els dispositius des d&#039;internet per resoldre les teves incid\u00e8ncies. Si la incid\u00e8ncia ho requereix ens despla\u00e7arem.<\/p>\n<\/div><\/div><\/div><div class=\"et_pb_column_15 et_pb_column et_pb_column_1_3 et_block_column et_pb_column_empty et_pb_css_mix_blend_mode_passthrough\"><\/div><div class=\"et_pb_column_16 et_pb_column et_pb_column_1_3 et-last-child et_block_column et_pb_column_empty et_pb_css_mix_blend_mode_passthrough\"><\/div><\/div><div class=\"et_pb_row_8 et_pb_row et_block_row\"><div class=\"et_pb_column_17 et_pb_column et_pb_column_4_4 et-last-child et_block_column et_pb_css_mix_blend_mode_passthrough\"><div class=\"et_pb_module et_pb_button_module_wrapper et_pb_button_2_wrapper\"><a class=\"et_pb_button_2 et_pb_button et_pb_bg_layout_light et_animated et_pb_module et_block_module\" href=\"#teLlamamosNosotros\" data-icon=\"&amp;\">Contactar <\/a><\/div><div class=\"et_pb_blurb_2 et_pb_blurb et_pb_bg_layout_light et_pb_blurb_position_left et_animated et_clickable et_pb_module et_block_module\"><div class=\"et_pb_blurb_content\"><div class=\"et_pb_main_blurb_image\"><span class=\"et_pb_image_wrap\"><span class=\"et-pb-icon et_animated et_animated\">\uf063<\/span><\/span><\/div><div class=\"et_pb_blurb_container\"><\/div><\/div><\/div><\/div><\/div><div class=\"et_pb_bottom_inside_divider et-no-transition\"><\/div><\/div>","protected":false},"excerpt":{"rendered":"","protected":false},"author":1,"featured_media":0,"parent":0,"menu_order":0,"comment_status":"closed","ping_status":"closed","template":"","meta":{"footnotes":""},"class_list":["post-5907","page","type-page","status-publish","hentry"],"_links":{"self":[{"href":"https:\/\/www.informaticoscastellon.com\/ca\/wp-json\/wp\/v2\/pages\/5907","targetHints":{"allow":["GET"]}}],"collection":[{"href":"https:\/\/www.informaticoscastellon.com\/ca\/wp-json\/wp\/v2\/pages"}],"about":[{"href":"https:\/\/www.informaticoscastellon.com\/ca\/wp-json\/wp\/v2\/types\/page"}],"author":[{"embeddable":true,"href":"https:\/\/www.informaticoscastellon.com\/ca\/wp-json\/wp\/v2\/users\/1"}],"replies":[{"embeddable":true,"href":"https:\/\/www.informaticoscastellon.com\/ca\/wp-json\/wp\/v2\/comments?post=5907"}],"version-history":[{"count":9,"href":"https:\/\/www.informaticoscastellon.com\/ca\/wp-json\/wp\/v2\/pages\/5907\/revisions"}],"predecessor-version":[{"id":7832,"href":"https:\/\/www.informaticoscastellon.com\/ca\/wp-json\/wp\/v2\/pages\/5907\/revisions\/7832"}],"wp:attachment":[{"href":"https:\/\/www.informaticoscastellon.com\/ca\/wp-json\/wp\/v2\/media?parent=5907"}],"curies":[{"name":"wp","href":"https:\/\/api.w.org\/{rel}","templated":true}]}}