{"id":7654,"date":"2025-07-15T09:57:17","date_gmt":"2025-07-15T09:57:17","guid":{"rendered":"https:\/\/www.informaticoscastellon.com\/?page_id=7654"},"modified":"2026-04-20T10:03:54","modified_gmt":"2026-04-20T10:03:54","slug":"subcontratacion-de-tecnicos-informaticos-en-castellon-para-empresas-tic","status":"publish","type":"page","link":"https:\/\/www.informaticoscastellon.com\/ca\/subcontratacion-de-tecnicos-informaticos-en-castellon-para-empresas-tic\/","title":{"rendered":"Subcontrataci\u00f3n de T\u00e9cnicos Inform\u00e1ticos en Castell\u00f3n para Empresas TIC"},"content":{"rendered":"<div class=\"et_pb_section_0 et_pb_section et_section_regular et_block_section et_animated section_has_divider et_pb_bottom_divider preset--module--divi-section--69e5f9f772882\"><div class=\"et_pb_row_0 et_pb_row et_block_row et_animated\"><div class=\"et_pb_column_0 et_pb_column et_pb_column_1_2 et_block_column et_pb_css_mix_blend_mode_passthrough\"><div class=\"et_pb_text_0 et_pb_text et_pb_bg_layout_dark et_animated et_pb_module et_block_module et_pb_text_align_center et_pb_text_align_center-tablet et_pb_text_align_center-phone\"><div class=\"et_pb_text_inner\"><h1><span class=\"underline_blue\">Subcontrataci\u00f3n de t\u00e9cnicos inform\u00e1ticos<\/span><span> en Castell\u00f3n para empresas TIC<\/span><\/h1>\n<\/div><\/div><div class=\"et_pb_text_1 et_pb_text et_pb_bg_layout_dark et_animated et_pb_module et_block_module et_pb_text_align_center et_pb_text_align_center-tablet et_pb_text_align_center-phone\"><div class=\"et_pb_text_inner\"><h6>\u00bfEres una empresa TIC y necesitas soporte en Castell\u00f3n? Ofrecemos asistencia t\u00e9cnica profesional como partner local. Subcontrata tu servicio con garant\u00edas.<\/h6>\n<\/div><\/div><div class=\"et_pb_module et_pb_button_module_wrapper et_pb_button_0_wrapper\"><a class=\"et_pb_button_0 et_pb_button et_pb_bg_layout_light et_animated et_pb_module et_block_module\" href=\"#teLlamamosNosotros\" data-icon=\"&amp;\">Contactar <\/a><\/div><div class=\"et_pb_blurb_0 et_pb_blurb et_pb_bg_layout_light et_pb_blurb_position_left et_animated et_clickable et_pb_module et_block_module\"><div class=\"et_pb_blurb_content\"><div class=\"et_pb_main_blurb_image\"><span class=\"et_pb_image_wrap\"><span class=\"et-pb-icon et_animated et_animated\">\uf063<\/span><\/span><\/div><div class=\"et_pb_blurb_container\"><\/div><\/div><\/div><\/div><div class=\"et_pb_column_1 et_pb_column et_pb_column_1_2 et-last-child et_block_column et_pb_css_mix_blend_mode_passthrough\"><div class=\"et_pb_code_0 et_pb_code et_pb_text_align_center et_pb_module logoSVG_cuadros\"><div class=\"et_pb_code_inner\"><!--?xml version=\"1.0\" encoding=\"utf-8\"?-->\n<svg viewbox=\"203.211 99.454 156.376 156.617\" xmlns=\"http:\/\/www.w3.org\/2000\/svg\" width=\"100%\" height=\"100%\">\n  <rect x=\"269.927\" y=\"215.436\" width=\"47\" height=\"47\" rx=\"5.078\" ry=\"5.078\" style=\"fill: rgb(0, 108, 217); fill-opacity: 0.5; vector-effect: non-scaling-stroke; paint-order: fill; stroke-miterlimit: 22; stroke-linecap: round; stroke-linejoin: round; stroke: rgb(0, 108, 217); stroke-opacity: 0.5;\" transform=\"matrix(1, 0, 0, 1, 42.660259, -6.364756)\" class=\"logoSoloBoxes-1\"><\/rect>\n  <rect x=\"215.393\" y=\"215.436\" width=\"47\" height=\"47\" rx=\"5.078\" ry=\"5.078\" style=\"fill: rgb(0, 108, 217); fill-opacity: 0.62; vector-effect: non-scaling-stroke; paint-order: fill; stroke-miterlimit: 22; stroke-linecap: round; stroke-linejoin: round; stroke-opacity: 0.62; stroke: rgb(0, 108, 217);\" transform=\"matrix(1, 0, 0, 1, 42.660259, -6.364756)\" class=\"logoSoloBoxes-2\"><\/rect>\n  <rect x=\"215.393\" y=\"160.6\" width=\"47\" height=\"47\" rx=\"5.078\" ry=\"5.078\" style=\"fill: rgb(0, 108, 217); fill-opacity: 0.77; vector-effect: non-scaling-stroke; paint-order: fill; stroke-miterlimit: 22; stroke-linecap: round; stroke-linejoin: round; stroke-opacity: 0.77; stroke: rgb(0, 108, 217);\" transform=\"matrix(1, 0, 0, 1, 42.660259, -6.364756)\" class=\"logoSoloBoxes-3\"><\/rect>\n  <rect x=\"215.393\" width=\"47\" height=\"47\" rx=\"5.078\" ry=\"5.078\" style=\"fill: rgb(0, 108, 217); fill-opacity: 0.87; vector-effect: non-scaling-stroke; paint-order: fill; stroke-miterlimit: 22; stroke-linecap: round; stroke-linejoin: round; stroke-opacity: 0.87; stroke: rgb(0, 108, 217);\" y=\"105.819\" transform=\"matrix(1, 0, 0, 1, 42.660259, -6.364756)\" class=\"logoSoloBoxes-4\"><\/rect>\n  <rect x=\"269.927\" width=\"47\" height=\"47\" rx=\"5.078\" ry=\"5.078\" style=\"fill: rgb(0, 108, 217); fill-opacity: 0.77; vector-effect: non-scaling-stroke; paint-order: fill; stroke-miterlimit: 22; stroke-linecap: round; stroke-linejoin: round; stroke-opacity: 0.77; stroke: rgb(0, 108, 217);\" y=\"105.819\" transform=\"matrix(1, 0, 0, 1, 42.660259, -6.364756)\" class=\"logoSoloBoxes-5\"><\/rect>\n  <rect x=\"160.551\" y=\"215.436\" width=\"47\" height=\"47\" rx=\"5.078\" ry=\"5.078\" style=\"fill: rgb(0, 0, 102); fill-opacity: 0.77; vector-effect: non-scaling-stroke; paint-order: fill; stroke-miterlimit: 22; stroke-linecap: round; stroke-linejoin: round; stroke-opacity: 0.77; stroke: rgb(0, 0, 102);\" transform=\"matrix(1, 0, 0, 1, 42.660259, -6.364756)\" class=\"logoSoloBoxes-6\"><\/rect>\n  <rect x=\"160.551\" y=\"160.6\" width=\"47\" height=\"47\" rx=\"5.078\" ry=\"5.078\" style=\"fill: rgb(0, 0, 102); fill-opacity: 0.87; vector-effect: non-scaling-stroke; paint-order: fill; stroke-miterlimit: 22; stroke-linecap: round; stroke-linejoin: round; stroke-opacity: 0.87; stroke: rgb(0, 0, 102);\" transform=\"matrix(1, 0, 0, 1, 42.660259, -6.364756)\" class=\"logoSoloBoxes-7\"><\/rect>\n  <rect x=\"160.551\" width=\"47\" height=\"47\" rx=\"5.078\" ry=\"5.078\" style=\"fill: rgb(0, 0, 102); fill-opacity: 0.97; vector-effect: non-scaling-stroke; paint-order: fill; stroke-miterlimit: 22; stroke-linecap: round; stroke-linejoin: round; stroke-opacity: 0.97; stroke: rgb(0, 0, 102);\" y=\"105.819\" transform=\"matrix(1, 0, 0, 1, 42.660259, -6.364756)\" class=\"logoSoloBoxes-8\"><\/rect>\n<\/svg><\/div><\/div><\/div><\/div><div class=\"et_pb_bottom_inside_divider et-no-transition\"><\/div><\/div><div class=\"et_pb_section_1 et_pb_section et_section_regular et_block_section preset--module--divi-section--69e5f9f772882\" id=\"link1\"><div class=\"et_pb_row_1 et_pb_row et_block_row\" id=\"link1\"><div class=\"et_pb_column_2 et_pb_column et_pb_column_4_4 et-last-child et_block_column et_pb_css_mix_blend_mode_passthrough\"><div class=\"et_pb_text_2 et_pb_text et_pb_bg_layout_light et_pb_module et_block_module et_pb_text_align_center\"><div class=\"et_pb_text_inner\"><h4><span class=\"underline_blue\">Subcontratacion<\/span> de Tecnicos<\/h4>\n<\/div><\/div><\/div><\/div><\/div><div class=\"et_pb_section_2 et_pb_section et_section_regular et_block_section section_has_divider et_pb_bottom_divider preset--module--divi-section--69e5f9f772882\"><div class=\"et_pb_row_2 et_pb_row et_block_row\"><div class=\"et_pb_column_3 et_pb_column et_pb_column_1_3 et_block_column et_pb_css_mix_blend_mode_passthrough\"><div class=\"et_pb_gallery_0 et_pb_gallery et_pb_bg_layout_light et_pb_slider et_pb_gallery_fullwidth clearfix et_slider_auto et_slider_speed_5000 et_pb_module\" data-auto-rotate=\"off\" data-auto-rotate-speed=\"\"><div class=\"et_pb_gallery_items et_post_gallery clearfix\" data-per_page=\"4\"><div class=\"et_pb_gallery_item et_pb_gallery_item_0_0\"><div class=\"et_pb_gallery_image landscape\" data-per_page=\"4\"><a href=\"https:\/\/www.informaticoscastellon.com\/wp-content\/uploads\/2025\/07\/grupo-de-jovenes-empresario-scaled.jpg\" title=\"Group of young business people working in the office\"><img loading=\"lazy\" decoding=\"async\" width=\"2560\" height=\"1707\" src=\"https:\/\/www.informaticoscastellon.com\/wp-content\/uploads\/2025\/07\/grupo-de-jovenes-empresario-scaled.jpg\" alt=\"\" class=\"wp-image-7648\" srcset=\"https:\/\/www.informaticoscastellon.com\/wp-content\/uploads\/2025\/07\/grupo-de-jovenes-empresario-scaled.jpg 2560w, https:\/\/www.informaticoscastellon.com\/wp-content\/uploads\/2025\/07\/grupo-de-jovenes-empresario-300x200.jpg 300w, https:\/\/www.informaticoscastellon.com\/wp-content\/uploads\/2025\/07\/grupo-de-jovenes-empresario-1024x683.jpg 1024w, https:\/\/www.informaticoscastellon.com\/wp-content\/uploads\/2025\/07\/grupo-de-jovenes-empresario-18x12.jpg 18w, https:\/\/www.informaticoscastellon.com\/wp-content\/uploads\/2025\/07\/grupo-de-jovenes-empresario-600x400.jpg 600w\" sizes=\"(max-width: 2560px) 100vw, 2560px\" \/><span class=\"et_overlay\" data-icon=\"\" data-icon-tablet=\"\" data-icon-phone=\"\"><\/span><\/a><\/div><\/div><div class=\"et_pb_gallery_item et_pb_gallery_item_0_1\"><div class=\"et_pb_gallery_image landscape\" data-per_page=\"4\"><a href=\"https:\/\/www.informaticoscastellon.com\/wp-content\/uploads\/2025\/07\/jovenes-disenadores-web-scaled.jpg\" title=\"Young male web designers working on a computer\"><img loading=\"lazy\" decoding=\"async\" width=\"2560\" height=\"1706\" src=\"https:\/\/www.informaticoscastellon.com\/wp-content\/uploads\/2025\/07\/jovenes-disenadores-web-scaled.jpg\" alt=\"\" class=\"wp-image-7649\" srcset=\"https:\/\/www.informaticoscastellon.com\/wp-content\/uploads\/2025\/07\/jovenes-disenadores-web-scaled.jpg 2560w, https:\/\/www.informaticoscastellon.com\/wp-content\/uploads\/2025\/07\/jovenes-disenadores-web-300x200.jpg 300w, https:\/\/www.informaticoscastellon.com\/wp-content\/uploads\/2025\/07\/jovenes-disenadores-web-1024x683.jpg 1024w, https:\/\/www.informaticoscastellon.com\/wp-content\/uploads\/2025\/07\/jovenes-disenadores-web-18x12.jpg 18w, https:\/\/www.informaticoscastellon.com\/wp-content\/uploads\/2025\/07\/jovenes-disenadores-web-600x400.jpg 600w\" sizes=\"(max-width: 2560px) 100vw, 2560px\" \/><span class=\"et_overlay\" data-icon=\"\" data-icon-tablet=\"\" data-icon-phone=\"\"><\/span><\/a><\/div><\/div><div class=\"et_pb_gallery_item et_pb_gallery_item_0_2\"><div class=\"et_pb_gallery_image landscape\" data-per_page=\"4\"><a href=\"https:\/\/www.informaticoscastellon.com\/wp-content\/uploads\/2025\/07\/experiencia-en-programacion-scaled.jpg\" title=\"experiencia-en-programacion\"><img loading=\"lazy\" decoding=\"async\" width=\"2560\" height=\"1709\" src=\"https:\/\/www.informaticoscastellon.com\/wp-content\/uploads\/2025\/07\/experiencia-en-programacion-scaled.jpg\" alt=\"\" class=\"wp-image-7638\" srcset=\"https:\/\/www.informaticoscastellon.com\/wp-content\/uploads\/2025\/07\/experiencia-en-programacion-scaled.jpg 2560w, https:\/\/www.informaticoscastellon.com\/wp-content\/uploads\/2025\/07\/experiencia-en-programacion-300x200.jpg 300w, https:\/\/www.informaticoscastellon.com\/wp-content\/uploads\/2025\/07\/experiencia-en-programacion-1024x684.jpg 1024w, https:\/\/www.informaticoscastellon.com\/wp-content\/uploads\/2025\/07\/experiencia-en-programacion-18x12.jpg 18w, https:\/\/www.informaticoscastellon.com\/wp-content\/uploads\/2025\/07\/experiencia-en-programacion-600x401.jpg 600w\" sizes=\"(max-width: 2560px) 100vw, 2560px\" \/><span class=\"et_overlay\" data-icon=\"\" data-icon-tablet=\"\" data-icon-phone=\"\"><\/span><\/a><\/div><\/div><\/div><\/div><\/div><div class=\"et_pb_column_4 et_pb_column et_pb_column_2_3 et-last-child et_block_column et_pb_css_mix_blend_mode_passthrough\"><div class=\"et_pb_text_3 et_pb_text et_pb_bg_layout_light et_pb_module et_block_module\"><div class=\"et_pb_text_inner\"><h2 data-start=\"1030\" data-end=\"1260\">SAT Local y Soporte Inform\u00e1tico para Integradores y Distribuidores TIC<\/h2>\n<p data-start=\"1030\" data-end=\"1260\">En <strong data-start=\"1033\" data-end=\"1059\">Inform\u00e0tics Castell\u00f3<\/strong> ofrecemos servicios profesionales de <strong data-start=\"1097\" data-end=\"1131\">asistencia t\u00e9cnica inform\u00e1tica<\/strong> en nombre de <strong data-start=\"1145\" data-end=\"1181\">empresas externas del sector TIC<\/strong>, actuando como <strong data-start=\"1197\" data-end=\"1259\">SAT local y operador de campo en la provincia de Castell\u00f3n<\/strong>.<\/p>\n<p data-start=\"1266\" data-end=\"1563\">Si eres <strong data-start=\"1274\" data-end=\"1353\">distribuidor, integrador, empresa de mantenimiento o fabricante tecnol\u00f3gico<\/strong>, puedes <strong data-start=\"1362\" data-end=\"1406\">subcontratar nuestros servicios t\u00e9cnicos<\/strong> con total confianza. Nos convertimos en tu <strong data-start=\"1450\" data-end=\"1466\">equipo local<\/strong> para instalaciones, mantenimiento, soporte a usuarios, sustituciones, despliegues o incidencias.<\/p>\n<p data-start=\"1568\" data-end=\"1786\">Nuestra empresa trabaja con protocolos definidos, trato profesional, y absoluta <strong data-start=\"1648\" data-end=\"1683\">discreci\u00f3n y respeto a tu marca<\/strong>. Nos adaptamos a tus procesos y herramientas, actuando como una <strong data-start=\"1748\" data-end=\"1774\">extensi\u00f3n de tu equipo<\/strong> en la zona.<\/p>\n<\/div><\/div><\/div><\/div><div class=\"et_pb_row_3 et_pb_row et_block_row\"><div class=\"et_pb_column_5 et_pb_column et_pb_column_4_4 et-last-child et_block_column et_pb_css_mix_blend_mode_passthrough\"><div class=\"et_pb_blurb_1 et_pb_blurb et_pb_bg_layout_light et_pb_blurb_position_left et_animated et_clickable et_pb_module et_block_module\"><div class=\"et_pb_blurb_content\"><div class=\"et_pb_main_blurb_image\"><span class=\"et_pb_image_wrap\"><span class=\"et-pb-icon et_animated et_animated\">\uf063<\/span><\/span><\/div><div class=\"et_pb_blurb_container\"><\/div><\/div><\/div><\/div><\/div><div class=\"et_pb_bottom_inside_divider et-no-transition\"><\/div><\/div><div class=\"et_pb_section_3 et_pb_section et_section_regular et_block_section et_pb_section_parallax section_has_divider et_pb_top_divider et_pb_bottom_divider preset--module--divi-section--69e5f9f772882\" id=\"ofrecemos\"><div class=\"et_pb_top_inside_divider et-no-transition\"><\/div><span class=\"et-pb-parallax-wrapper\"><span class=\"et-pb-parallax-background et-pb-parallax-background--css et-pb-parallax-background-module--divi-section-3 et_parallax_bg_tablet_exist et_parallax_bg_phone_exist\" style=\"background-image:url(https:\/\/www.informaticoscastellon.com\/wp-content\/uploads\/2025\/07\/persona-frente-computadora-trabajando-html-scaled.jpg)\"><\/span><span class=\"et_parallax_gradient et_pb_parallax_css et_parallax_gradient_tablet_exist et_parallax_gradient_phone_exist\" style=\"background-image:linear-gradient(102deg, #000066 10%,rgba(41,196,169,0) 51% 100%)\"><\/span><\/span><span class=\"et-pb-parallax-wrapper\"><span class=\"et-pb-parallax-background et-pb-parallax-background--css et-pb-parallax-background_tablet et-pb-parallax-background_tablet-module--divi-section-3 et_parallax_bg_phone_exist\" style=\"background-image:url(https:\/\/www.informaticoscastellon.com\/wp-content\/uploads\/2024\/04\/AdobeStock_307503779-scaled.jpeg)\"><\/span><span class=\"et_parallax_gradient et_parallax_gradient_tablet et_pb_parallax_css et_parallax_gradient_phone_exist\" style=\"background-image:linear-gradient(102deg, #000066 10%,rgba(41,196,169,0) 51% 100%)\"><\/span><\/span><span class=\"et-pb-parallax-wrapper\"><span class=\"et-pb-parallax-background et-pb-parallax-background--css et-pb-parallax-background_phone et-pb-parallax-background_phone-module--divi-section-3 et_parallax_bg_tablet_exist\" style=\"background-image:url(https:\/\/www.informaticoscastellon.com\/wp-content\/uploads\/2024\/04\/AdobeStock_307503779-scaled.jpeg)\"><\/span><span class=\"et_parallax_gradient et_parallax_gradient_phone et_pb_parallax_css et_parallax_gradient_tablet_exist\" style=\"background-image:linear-gradient(102deg, #000066 10%,rgba(41,196,169,0) 51% 100%)\"><\/span><\/span><div class=\"et_pb_row_4 et_pb_row et_block_row et_animated\" id=\"link2\"><div class=\"et_pb_column_6 et_pb_column et_pb_column_1_2 et_block_column et_pb_css_mix_blend_mode_passthrough\"><div class=\"et_pb_text_4 et_pb_text et_pb_bg_layout_light et_animated et_pb_module et_block_module et_pb_text_align_center\"><div class=\"et_pb_text_inner\"><h4><span class=\"typed1\">\u00bf Que ofrecemos?<\/span><\/h4>\n<\/div><\/div><\/div><div class=\"et_pb_column_7 et_pb_column et_pb_column_1_2 et-last-child et_block_column et_pb_column_empty et_pb_css_mix_blend_mode_passthrough\"><\/div><\/div><div class=\"et_pb_row_5 et_pb_row et_pb_equal_columns et_pb_gutters2 et_block_row et_animated\"><div class=\"et_pb_column_8 et_pb_column et_pb_column_1_3 et_block_column et_pb_css_mix_blend_mode_passthrough\"><div class=\"et_pb_text_5 et_pb_text et_pb_bg_layout_light et_animated et_pb_module et_block_module\"><div class=\"et_pb_text_inner\"><h6>01<\/h6>\n<\/div><\/div><div class=\"et_pb_text_6 et_pb_text et_pb_bg_layout_light et_animated et_pb_module et_block_module\"><div class=\"et_pb_text_inner\"><p data-start=\"1816\" data-end=\"1878\">Asistencia inform\u00e1tica en Castell\u00f3n como <strong data-start=\"1857\" data-end=\"1878\">SAT t\u00e9cnico local<\/strong><\/p>\n<\/div><\/div><\/div><div class=\"et_pb_column_9 et_pb_column et_pb_column_1_3 et_block_column et_pb_column_empty et_pb_css_mix_blend_mode_passthrough\"><\/div><div class=\"et_pb_column_10 et_pb_column et_pb_column_1_3 et-last-child et_block_column et_pb_column_empty et_pb_css_mix_blend_mode_passthrough\"><\/div><\/div><div class=\"et_pb_row_6 et_pb_row et_pb_equal_columns et_pb_gutters2 et_block_row et_animated\"><div class=\"et_pb_column_11 et_pb_column et_pb_column_1_3 et_block_column et_pb_css_mix_blend_mode_passthrough\"><div class=\"et_pb_text_7 et_pb_text et_pb_bg_layout_light et_animated et_pb_module et_block_module\"><div class=\"et_pb_text_inner\"><h6>02<\/h6>\n<\/div><\/div><div class=\"et_pb_text_8 et_pb_text et_pb_bg_layout_light et_animated et_pb_module et_block_module\"><div class=\"et_pb_text_inner\"><p data-start=\"1883\" data-end=\"1953\"><strong data-start=\"1883\" data-end=\"1914\">Subcontrataci\u00f3n de t\u00e9cnicos<\/strong> por jornada, por proyecto o por ticket<\/p>\n<\/div><\/div><\/div><div class=\"et_pb_column_12 et_pb_column et_pb_column_1_3 et_block_column et_pb_column_empty et_pb_css_mix_blend_mode_passthrough\"><\/div><div class=\"et_pb_column_13 et_pb_column et_pb_column_1_3 et-last-child et_block_column et_pb_column_empty et_pb_css_mix_blend_mode_passthrough\"><\/div><\/div><div class=\"et_pb_row_7 et_pb_row et_pb_equal_columns et_pb_gutters2 et_block_row et_animated\"><div class=\"et_pb_column_14 et_pb_column et_pb_column_1_3 et_block_column et_pb_css_mix_blend_mode_passthrough\"><div class=\"et_pb_text_9 et_pb_text et_pb_bg_layout_light et_animated et_pb_module et_block_module\"><div class=\"et_pb_text_inner\"><h6>03<\/h6>\n<\/div><\/div><div class=\"et_pb_text_10 et_pb_text et_pb_bg_layout_light et_animated et_pb_module et_block_module\"><div class=\"et_pb_text_inner\"><p data-start=\"1958\" data-end=\"2026\">Instalaci\u00f3n y configuraci\u00f3n de equipos, redes, software, perif\u00e9ricos<\/p>\n<p data-start=\"1958\" data-end=\"2026\">\n<\/div><\/div><\/div><div class=\"et_pb_column_15 et_pb_column et_pb_column_1_3 et_block_column et_pb_column_empty et_pb_css_mix_blend_mode_passthrough\"><\/div><div class=\"et_pb_column_16 et_pb_column et_pb_column_1_3 et-last-child et_block_column et_pb_column_empty et_pb_css_mix_blend_mode_passthrough\"><\/div><\/div><div class=\"et_pb_row_8 et_pb_row et_pb_equal_columns et_pb_gutters2 et_block_row et_animated\"><div class=\"et_pb_column_17 et_pb_column et_pb_column_1_3 et_block_column et_pb_css_mix_blend_mode_passthrough\"><div class=\"et_pb_text_11 et_pb_text et_pb_bg_layout_light et_animated et_pb_module et_block_module\"><div class=\"et_pb_text_inner\"><h6>04<\/h6>\n<\/div><\/div><div class=\"et_pb_text_12 et_pb_text et_pb_bg_layout_light et_animated et_pb_module et_block_module\"><div class=\"et_pb_text_inner\"><p data-start=\"2031\" data-end=\"2088\">\n<p data-start=\"2031\" data-end=\"2088\">Revisi\u00f3n y mantenimiento de infraestructuras inform\u00e1ticas<\/p>\n<\/div><\/div><\/div><div class=\"et_pb_column_18 et_pb_column et_pb_column_1_3 et_block_column et_pb_column_empty et_pb_css_mix_blend_mode_passthrough\"><\/div><div class=\"et_pb_column_19 et_pb_column et_pb_column_1_3 et-last-child et_block_column et_pb_column_empty et_pb_css_mix_blend_mode_passthrough\"><\/div><\/div><div class=\"et_pb_row_9 et_pb_row et_pb_equal_columns et_pb_gutters2 et_block_row et_animated\"><div class=\"et_pb_column_20 et_pb_column et_pb_column_1_3 et_block_column et_pb_css_mix_blend_mode_passthrough\"><div class=\"et_pb_text_13 et_pb_text et_pb_bg_layout_light et_animated et_pb_module et_block_module\"><div class=\"et_pb_text_inner\"><h6>05<\/h6>\n<\/div><\/div><div class=\"et_pb_text_14 et_pb_text et_pb_bg_layout_light et_animated et_pb_module et_block_module\"><div class=\"et_pb_text_inner\"><p data-start=\"2093\" data-end=\"2151\">Despliegue de hardware, auditor\u00edas o soporte a eventos TIC<\/p>\n<\/div><\/div><\/div><div class=\"et_pb_column_21 et_pb_column et_pb_column_1_3 et_block_column et_pb_column_empty et_pb_css_mix_blend_mode_passthrough\"><\/div><div class=\"et_pb_column_22 et_pb_column et_pb_column_1_3 et-last-child et_block_column et_pb_column_empty et_pb_css_mix_blend_mode_passthrough\"><\/div><\/div><div class=\"et_pb_row_10 et_pb_row et_block_row\"><div class=\"et_pb_column_23 et_pb_column et_pb_column_4_4 et-last-child et_block_column et_pb_css_mix_blend_mode_passthrough\"><div class=\"et_pb_module et_pb_button_module_wrapper et_pb_button_1_wrapper\"><a class=\"et_pb_button_1 et_pb_button et_pb_bg_layout_light et_animated et_pb_module et_block_module\" href=\"#teLlamamosNosotros\" data-icon=\"&amp;\">Contactar <\/a><\/div><div class=\"et_pb_blurb_2 et_pb_blurb et_pb_bg_layout_light et_pb_blurb_position_left et_animated et_clickable et_pb_module et_block_module\"><div class=\"et_pb_blurb_content\"><div class=\"et_pb_main_blurb_image\"><span class=\"et_pb_image_wrap\"><span class=\"et-pb-icon et_animated et_animated\">\uf063<\/span><\/span><\/div><div class=\"et_pb_blurb_container\"><\/div><\/div><\/div><\/div><\/div><div class=\"et_pb_bottom_inside_divider et-no-transition\"><\/div><\/div><div class=\"et_pb_section_4 et_pb_section et_section_regular et_block_section section_has_divider et_pb_bottom_divider preset--module--divi-section--69e5f9f772882\" id=\"serviciostic\"><div class=\"et_pb_row_11 et_pb_row et_pb_row_5col et_pb_equal_columns et_pb_gutters2 et_block_row et_block_row_5col et_animated\"><div class=\"et_pb_column_24 et_pb_column et_pb_column_1_5 et_block_column et_pb_css_mix_blend_mode_passthrough\"><div class=\"et_pb_blurb_3 et_pb_blurb et_pb_bg_layout_light et_pb_blurb_position_top et_animated et_pb_module et_block_module\"><div class=\"et_pb_blurb_content\"><div class=\"et_pb_main_blurb_image\"><span class=\"et_pb_image_wrap\"><span class=\"et-pb-icon\">\ue037<\/span><\/span><\/div><div class=\"et_pb_blurb_container\"><h4 class=\"et_pb_module_header\">SAT LOCAL<\/h4><div class=\"et_pb_blurb_description\"><p>Actuamos como tu servicio t\u00e9cnico en Castell\u00f3n<\/p>\n<p><span><\/span><\/p>\n<\/div><\/div><\/div><\/div><\/div><div class=\"et_pb_column_25 et_pb_column et_pb_column_1_5 et_block_column et_pb_css_mix_blend_mode_passthrough\"><div class=\"et_pb_blurb_4 et_pb_blurb et_pb_bg_layout_light et_pb_blurb_position_top et_animated et_pb_module et_block_module\"><div class=\"et_pb_blurb_content\"><div class=\"et_pb_main_blurb_image\"><span class=\"et_pb_image_wrap\"><span class=\"et-pb-icon\">\ue035<\/span><\/span><\/div><div class=\"et_pb_blurb_container\"><h4 class=\"et_pb_module_header\">INSTALACIONES TIC<\/h4><div class=\"et_pb_blurb_description\"><p>Montaje de redes, equipos y perif\u00e9ricos<\/p>\n<\/div><\/div><\/div><\/div><\/div><div class=\"et_pb_column_26 et_pb_column et_pb_column_1_5 et_block_column et_pb_css_mix_blend_mode_passthrough\"><div class=\"et_pb_blurb_5 et_pb_blurb et_pb_bg_layout_light et_pb_blurb_position_top et_animated et_pb_module et_block_module\"><div class=\"et_pb_blurb_content\"><div class=\"et_pb_main_blurb_image\"><span class=\"et_pb_image_wrap\"><span class=\"et-pb-icon\">\uf007<\/span><\/span><\/div><div class=\"et_pb_blurb_container\"><h4 class=\"et_pb_module_header\">SOPORTE TECNICO<\/h4><div class=\"et_pb_blurb_description\"><p>Asistencia a usuarios y clientes finales<\/p>\n<\/div><\/div><\/div><\/div><\/div><div class=\"et_pb_column_27 et_pb_column et_pb_column_1_5 et_block_column et_pb_css_mix_blend_mode_passthrough\"><div class=\"et_pb_blurb_6 et_pb_blurb et_pb_bg_layout_light et_pb_blurb_position_top et_animated et_pb_module et_block_module\"><div class=\"et_pb_blurb_content\"><div class=\"et_pb_main_blurb_image\"><span class=\"et_pb_image_wrap\"><span class=\"et-pb-icon\">\uf2b5<\/span><\/span><\/div><div class=\"et_pb_blurb_container\"><h4 class=\"et_pb_module_header\">PARTNER DE CONFIANZA<\/h4><div class=\"et_pb_blurb_description\"><p>Trabajamos bajo tu marca con discreci\u00f3n<\/p>\n<\/div><\/div><\/div><\/div><\/div><div class=\"et_pb_column_28 et_pb_column et_pb_column_1_5 et-last-child et_block_column et_pb_css_mix_blend_mode_passthrough\"><div class=\"et_pb_blurb_7 et_pb_blurb et_pb_bg_layout_light et_pb_blurb_position_top et_animated et_pb_module et_block_module\"><div class=\"et_pb_blurb_content\"><div class=\"et_pb_main_blurb_image\"><span class=\"et_pb_image_wrap\"><span class=\"et-pb-icon\">\ue01d<\/span><\/span><\/div><div class=\"et_pb_blurb_container\"><h4 class=\"et_pb_module_header\">COVERTURA PROVINCIAL<\/h4><div class=\"et_pb_blurb_description\"><p>Podemos atender urgencias en provincias vecinas<\/p>\n<\/div><\/div><\/div><\/div><\/div><\/div><div class=\"et_pb_bottom_inside_divider et-no-transition\"><\/div><\/div><div class=\"et_pb_section_5 et_pb_section et_section_regular et_block_section section_has_divider et_pb_bottom_divider preset--module--divi-section--69e5f9f772882\"><div class=\"et_pb_row_12 et_pb_row et_block_row\"><div class=\"et_pb_column_29 et_pb_column et_pb_column_4_4 et-last-child et_block_column et_pb_css_mix_blend_mode_passthrough\"><div class=\"et_pb_text_15 et_pb_text et_pb_bg_layout_light et_pb_module et_block_module\"><div class=\"et_pb_text_inner\"><p style=\"text-align: right;\"><em>Atribuciones: Imagenes by\u00a0<a title=\"By FreePik\" href=\"http:\/\/www.freepik.es\/\" target=\"_blank\" rel=\"noopener\">FreePik<\/a><\/em><\/p>\n<\/div><\/div><\/div><\/div><div class=\"et_pb_bottom_inside_divider et-no-transition\"><\/div><\/div>","protected":false},"excerpt":{"rendered":"","protected":false},"author":1,"featured_media":0,"parent":0,"menu_order":0,"comment_status":"closed","ping_status":"closed","template":"","meta":{"footnotes":""},"class_list":["post-7654","page","type-page","status-publish","hentry"],"_links":{"self":[{"href":"https:\/\/www.informaticoscastellon.com\/ca\/wp-json\/wp\/v2\/pages\/7654","targetHints":{"allow":["GET"]}}],"collection":[{"href":"https:\/\/www.informaticoscastellon.com\/ca\/wp-json\/wp\/v2\/pages"}],"about":[{"href":"https:\/\/www.informaticoscastellon.com\/ca\/wp-json\/wp\/v2\/types\/page"}],"author":[{"embeddable":true,"href":"https:\/\/www.informaticoscastellon.com\/ca\/wp-json\/wp\/v2\/users\/1"}],"replies":[{"embeddable":true,"href":"https:\/\/www.informaticoscastellon.com\/ca\/wp-json\/wp\/v2\/comments?post=7654"}],"version-history":[{"count":32,"href":"https:\/\/www.informaticoscastellon.com\/ca\/wp-json\/wp\/v2\/pages\/7654\/revisions"}],"predecessor-version":[{"id":7839,"href":"https:\/\/www.informaticoscastellon.com\/ca\/wp-json\/wp\/v2\/pages\/7654\/revisions\/7839"}],"wp:attachment":[{"href":"https:\/\/www.informaticoscastellon.com\/ca\/wp-json\/wp\/v2\/media?parent=7654"}],"curies":[{"name":"wp","href":"https:\/\/api.w.org\/{rel}","templated":true}]}}