{"id":1488,"date":"2025-07-03T09:50:55","date_gmt":"2025-07-03T09:50:55","guid":{"rendered":"https:\/\/www.informaticos-castellon.com\/?post_type=product&#038;p=1488"},"modified":"2026-04-20T10:04:26","modified_gmt":"2026-04-20T10:04:26","slug":"plan-hogar-5","status":"publish","type":"product","link":"https:\/\/www.informaticoscastellon.com\/ca\/product\/plan-hogar-5\/","title":{"rendered":"PLAN HOGAR 5"},"content":{"rendered":"<div class=\"et_pb_section_0 et_pb_section et_section_regular et_block_section section_has_divider et_pb_bottom_divider preset--module--divi-section--default\"><div class=\"et_pb_bottom_inside_divider et-no-transition\"><\/div><\/div>","protected":false},"excerpt":{"rendered":"<p>Si necesitas apoyo inform\u00e1tico con cierta frecuencia te ofrecemos una soluci\u00f3n r\u00e1pida y\u00a0 muy asequible.\u00a0 \u00a0Este plan est\u00e1 ideado para que dispongas de la tranquilidad de llamarnos cuando quieras\u00a0 y, por qu\u00e9 no decirlo, para que disfrutes de una de las opciones m\u00e1s competitivas del mercado.<\/p>\n<p>&nbsp;<\/p>\n<ul>\n<li>Tarificaci\u00f3n por minutos.<\/li>\n<li>Hasta 5 asistencias presenciales.<\/li>\n<li>I.V.A. NO incluido.<\/li>\n<\/ul>","protected":false},"featured_media":1486,"template":"","meta":[],"product_brand":[],"product_cat":[46,50,22],"product_tag":[47],"class_list":{"0":"post-1488","1":"product","2":"type-product","3":"status-publish","4":"has-post-thumbnail","6":"product_cat-ayuda-informatica","7":"product_cat-hogar","8":"product_cat-plan-de-horas","9":"product_tag-soporte-informatico","11":"first","12":"instock","13":"virtual","14":"sold-individually","15":"taxable","16":"purchasable","17":"product-type-simple"},"_links":{"self":[{"href":"https:\/\/www.informaticoscastellon.com\/ca\/wp-json\/wp\/v2\/product\/1488","targetHints":{"allow":["GET"]}}],"collection":[{"href":"https:\/\/www.informaticoscastellon.com\/ca\/wp-json\/wp\/v2\/product"}],"about":[{"href":"https:\/\/www.informaticoscastellon.com\/ca\/wp-json\/wp\/v2\/types\/product"}],"wp:featuredmedia":[{"embeddable":true,"href":"https:\/\/www.informaticoscastellon.com\/ca\/wp-json\/wp\/v2\/media\/1486"}],"wp:attachment":[{"href":"https:\/\/www.informaticoscastellon.com\/ca\/wp-json\/wp\/v2\/media?parent=1488"}],"wp:term":[{"taxonomy":"product_brand","embeddable":true,"href":"https:\/\/www.informaticoscastellon.com\/ca\/wp-json\/wp\/v2\/product_brand?post=1488"},{"taxonomy":"product_cat","embeddable":true,"href":"https:\/\/www.informaticoscastellon.com\/ca\/wp-json\/wp\/v2\/product_cat?post=1488"},{"taxonomy":"product_tag","embeddable":true,"href":"https:\/\/www.informaticoscastellon.com\/ca\/wp-json\/wp\/v2\/product_tag?post=1488"}],"curies":[{"name":"wp","href":"https:\/\/api.w.org\/{rel}","templated":true}]}}