{"id":1525,"date":"2025-07-03T09:50:55","date_gmt":"2025-07-03T09:50:55","guid":{"rendered":"https:\/\/www.informaticos-castellon.com\/?post_type=product&#038;p=1525"},"modified":"2025-07-03T09:50:55","modified_gmt":"2025-07-03T09:50:55","slug":"plan-hogar-3","status":"publish","type":"product","link":"https:\/\/www.informaticoscastellon.com\/ca\/product\/plan-hogar-3\/","title":{"rendered":"PLAN HOGAR 3"},"content":{"rendered":"<p>[et_pb_section fb_built=\u00bb1&#8243; _builder_version=\u00bb4.17.4&#8243; _module_preset=\u00bbdefault\u00bb collapsed=\u00bboff\u00bb global_colors_info=\u00bb{}\u00bb][\/et_pb_section]<\/p>\n","protected":false},"excerpt":{"rendered":"<p>Si necesitas apoyo inform\u00e1tico con cierta frecuencia te ofrecemos una soluci\u00f3n r\u00e1pida y\u00a0 muy asequible.\u00a0 \u00a0Este plan est\u00e1 ideado para que dispongas de la tranquilidad de llamarnos cuando quieras\u00a0 y con unas condiciones que quiz\u00e1 se ajusten a ti.<\/p>\n<p>&nbsp;<\/p>\n<ul>\n<li>Tarificaci\u00f3n por minutos.<\/li>\n<li>Hasta 3 asistencias presenciales.<\/li>\n<li>I.V.A. NO incluido.<\/li>\n<\/ul>","protected":false},"featured_media":1523,"template":"","meta":{"_et_pb_use_builder":"on","_et_pb_old_content":"<ul>\r\n \t<li>Con este plan puedes llamarnos hasta que se te agoten los minutos.<\/li>\r\n \t<li>Se tarifica por minuto. Cada minuto que un t\u00e9cnico te est\u00e9 atendiendo.<\/li>\r\n \t<li>Hasta 3 asistencias presenciales, 1 por cada hora disponible. (Hasta\u00a0 un m\u00e1ximo 15 km de distancia de Castell\u00f3n. La asistencia presencial descuenta el tiempo empleado en desplazarse al destino.)<\/li>\r\n \t<li>Las asistencias ser\u00e1n telef\u00f3nicas o telem\u00e1ticas siempre que sea posible, previa cita.<\/li>\r\n \t<li>La asistencias se har\u00e1n previa cita,\u00a0 aunque te atenderemos al momento siempre que sea posible. (Citas hasta en un m\u00e1ximo de 48h) ( Horario: Lunes a viernes de 8:30 - 14:00\u00a0 |\u00a0 15:30 - 18:00 no festivos)<\/li>\r\n \t<li>Este plan caduca 1 a\u00f1o despu\u00e9s de su contrataci\u00f3n.<\/li>\r\n<\/ul>\r\nLos planes de horas son una soluci\u00f3n de asistencia y mantenimiento inform\u00e1tico sencilla de contratar.\u00a0 Est\u00e1n destinados a dar soluci\u00f3n a incidencias inform\u00e1ticas habituales, como aver\u00edas en equipos, configuraci\u00f3n de dispositivos y aplicaciones, dudas generales sobre uso de aplicaciones ofim\u00e1ticas, instalaci\u00f3n de certificados para acceder a p\u00e1ginas web de las administraciones p\u00fablicas. Uso general y\u00a0 atenci\u00f3n de consultas relativas a p\u00e1ginas y aplicaciones web que hayamos desarrollado o gestionemos nosotros.\r\n<strong>Si alguna de sus necesidades se sale de ese marco o es muy t\u00e9cnica le recomendamos que nos consulte antes de contratar.\u00a0<\/strong>","_et_gb_content_width":""},"product_brand":[],"product_cat":[46,50,22],"product_tag":[47],"class_list":{"0":"post-1525","1":"product","2":"type-product","3":"status-publish","4":"has-post-thumbnail","6":"product_cat-ayuda-informatica","7":"product_cat-hogar","8":"product_cat-plan-de-horas","9":"product_tag-soporte-informatico","11":"first","12":"instock","13":"virtual","14":"sold-individually","15":"taxable","16":"purchasable","17":"product-type-simple"},"_links":{"self":[{"href":"https:\/\/www.informaticoscastellon.com\/ca\/wp-json\/wp\/v2\/product\/1525","targetHints":{"allow":["GET"]}}],"collection":[{"href":"https:\/\/www.informaticoscastellon.com\/ca\/wp-json\/wp\/v2\/product"}],"about":[{"href":"https:\/\/www.informaticoscastellon.com\/ca\/wp-json\/wp\/v2\/types\/product"}],"wp:featuredmedia":[{"embeddable":true,"href":"https:\/\/www.informaticoscastellon.com\/ca\/wp-json\/wp\/v2\/media\/1523"}],"wp:attachment":[{"href":"https:\/\/www.informaticoscastellon.com\/ca\/wp-json\/wp\/v2\/media?parent=1525"}],"wp:term":[{"taxonomy":"product_brand","embeddable":true,"href":"https:\/\/www.informaticoscastellon.com\/ca\/wp-json\/wp\/v2\/product_brand?post=1525"},{"taxonomy":"product_cat","embeddable":true,"href":"https:\/\/www.informaticoscastellon.com\/ca\/wp-json\/wp\/v2\/product_cat?post=1525"},{"taxonomy":"product_tag","embeddable":true,"href":"https:\/\/www.informaticoscastellon.com\/ca\/wp-json\/wp\/v2\/product_tag?post=1525"}],"curies":[{"name":"wp","href":"https:\/\/api.w.org\/{rel}","templated":true}]}}