{"id":1666,"date":"2025-07-03T09:50:55","date_gmt":"2025-07-03T09:50:55","guid":{"rendered":"https:\/\/www.informaticos-castellon.com\/?post_type=product&#038;p=1666"},"modified":"2026-04-20T10:04:30","modified_gmt":"2026-04-20T10:04:30","slug":"plan-autonomos-5","status":"publish","type":"product","link":"https:\/\/www.informaticoscastellon.com\/ca\/product\/plan-autonomos-5\/","title":{"rendered":"PLAN AUT\u00d3NOMOS 5"},"content":{"rendered":"<div class=\"et_pb_section_0 et_pb_section et_section_regular et_block_section section_has_divider et_pb_bottom_divider preset--module--divi-section--default\"><div class=\"et_pb_row_0 et_pb_row et_block_row\"><div class=\"et_pb_column_0 et_pb_column et_pb_column_4_4 et-last-child et_block_column et_pb_css_mix_blend_mode_passthrough\"><div class=\"et_pb_wc_cart_notice_0 et_pb_wc_cart_notice et_pb_fields_layout_default et_pb_module\"><div class=\"et_pb_module_inner\">\n\t<div class=\"woocommerce-message\" role=\"alert\">\n\t\t&ldquo;Product Name&rdquo; has been added to cart.\t<\/div>\n<\/div><\/div><\/div><\/div><div class=\"et_pb_row_1 et_pb_row et_block_row\"><div class=\"et_pb_column_1 et_pb_column et_pb_column_1_2 et_block_column et_pb_css_mix_blend_mode_passthrough\"><div class=\"et_pb_wc_images_0 et_pb_wc_images et_pb_module\"><div class=\"et_pb_module_inner\"><\/div><\/div><\/div><div class=\"et_pb_column_2 et_pb_column et_pb_column_1_2 et-last-child et_block_column et_pb_css_mix_blend_mode_passthrough\"><div class=\"et_pb_wc_title_0 et_pb_wc_title et_pb_bg_layout_light et_pb_module\"><div class=\"et_pb_module_inner\">\n\t\t<h1>PLAN AUT\u00d3NOMOS 5<\/h1><\/div><\/div><\/div><\/div><div class=\"et_pb_row_2 et_pb_row et_block_row\"><div class=\"et_pb_column_3 et_pb_column et_pb_column_4_4 et-last-child et_block_column et_pb_css_mix_blend_mode_passthrough\"><div class=\"et_pb_wc_tabs_0 et_pb_wc_tabs et_pb_tabs et_pb_module\"><div class=\"et_pb_module_inner\"><ul class=\"et_pb_tabs_controls clearfix\"><\/ul><div class=\"et_pb_all_tabs\"><\/div><\/div><\/div><\/div><\/div><div class=\"et_pb_bottom_inside_divider et-no-transition\"><\/div><\/div>","protected":false},"excerpt":{"rendered":"<p>Si necesitas apoyo inform\u00e1tico te ofrecemos una opci\u00f3n r\u00e1pida y asequible.\u00a0 \u00a0El PLAN\u00a0<b>AUT\u00d3NOMOS 5<\/b> est\u00e1 dise\u00f1ado para darnos a conocer en tu negocio durante un periodo de tiempo m\u00e1s largo.<\/p>\n<p>&nbsp;<\/p>\n<ul>\n<li>Hasta 5 asistencias presenciales.<\/li>\n<li>Hasta 30 asistencias telef\u00f3nicas y\/o remotas.<\/li>\n<li>Fracciones de 10 minutos.<\/li>\n<li>I.V.A. no incluido.<\/li>\n<li>\u00c9ste PLAN s\u00f3lo puede ser contratado 1 vez cada 365 d\u00edas.<\/li>\n<\/ul>","protected":false},"featured_media":1482,"template":"","meta":[],"product_brand":[],"product_cat":[49,46,22],"product_tag":[47],"class_list":{"0":"post-1666","1":"product","2":"type-product","3":"status-publish","4":"has-post-thumbnail","6":"product_cat-autonomos","7":"product_cat-ayuda-informatica","8":"product_cat-plan-de-horas","9":"product_tag-soporte-informatico","11":"first","12":"instock","13":"virtual","14":"taxable","15":"purchasable","16":"product-type-simple"},"_links":{"self":[{"href":"https:\/\/www.informaticoscastellon.com\/ca\/wp-json\/wp\/v2\/product\/1666","targetHints":{"allow":["GET"]}}],"collection":[{"href":"https:\/\/www.informaticoscastellon.com\/ca\/wp-json\/wp\/v2\/product"}],"about":[{"href":"https:\/\/www.informaticoscastellon.com\/ca\/wp-json\/wp\/v2\/types\/product"}],"wp:featuredmedia":[{"embeddable":true,"href":"https:\/\/www.informaticoscastellon.com\/ca\/wp-json\/wp\/v2\/media\/1482"}],"wp:attachment":[{"href":"https:\/\/www.informaticoscastellon.com\/ca\/wp-json\/wp\/v2\/media?parent=1666"}],"wp:term":[{"taxonomy":"product_brand","embeddable":true,"href":"https:\/\/www.informaticoscastellon.com\/ca\/wp-json\/wp\/v2\/product_brand?post=1666"},{"taxonomy":"product_cat","embeddable":true,"href":"https:\/\/www.informaticoscastellon.com\/ca\/wp-json\/wp\/v2\/product_cat?post=1666"},{"taxonomy":"product_tag","embeddable":true,"href":"https:\/\/www.informaticoscastellon.com\/ca\/wp-json\/wp\/v2\/product_tag?post=1666"}],"curies":[{"name":"wp","href":"https:\/\/api.w.org\/{rel}","templated":true}]}}