{"id":638,"date":"2025-07-03T09:50:55","date_gmt":"2025-07-03T09:50:55","guid":{"rendered":"https:\/\/www.informaticos-castellon.com\/?post_type=product&#038;p=638"},"modified":"2026-04-20T10:04:22","modified_gmt":"2026-04-20T10:04:22","slug":"plan-empresas-1","status":"publish","type":"product","link":"https:\/\/www.informaticoscastellon.com\/ca\/product\/plan-empresas-1\/","title":{"rendered":"PLAN EMPRESAS 1"},"content":{"rendered":"<div class=\"et_pb_section_0 et_pb_section et_section_regular et_block_section section_has_divider et_pb_bottom_divider preset--module--divi-section--default\"><div class=\"et_pb_bottom_inside_divider et-no-transition\"><\/div><\/div>","protected":false},"excerpt":{"rendered":"<p>Si necesitas apoyo inform\u00e1tico te ofrecemos una opci\u00f3n r\u00e1pida y asequible.\u00a0 \u00a0El PLAN <strong>NEGOCIOS 1<\/strong> est\u00e1 dise\u00f1ado para darnos a conocer en tu empresas.<\/p>\n<p>&nbsp;<\/p>\n<ul>\n<li>Hasta 1 asistencias presenciales.<\/li>\n<li>Fracciones de 1 minutos.<\/li>\n<li>I.V.A. no incluido.<\/li>\n<li>\u00c9ste PLAN s\u00f3lo puede ser contratado 1 vez cada 365 d\u00edas.<\/li>\n<\/ul>","protected":false},"featured_media":1687,"template":"","meta":[],"product_brand":[],"product_cat":[46,48,22],"product_tag":[47],"class_list":{"0":"post-638","1":"product","2":"type-product","3":"status-publish","4":"has-post-thumbnail","6":"product_cat-ayuda-informatica","7":"product_cat-empresas","8":"product_cat-plan-de-horas","9":"product_tag-soporte-informatico","11":"first","12":"instock","13":"virtual","14":"sold-individually","15":"taxable","16":"purchasable","17":"product-type-simple"},"_links":{"self":[{"href":"https:\/\/www.informaticoscastellon.com\/ca\/wp-json\/wp\/v2\/product\/638","targetHints":{"allow":["GET"]}}],"collection":[{"href":"https:\/\/www.informaticoscastellon.com\/ca\/wp-json\/wp\/v2\/product"}],"about":[{"href":"https:\/\/www.informaticoscastellon.com\/ca\/wp-json\/wp\/v2\/types\/product"}],"wp:featuredmedia":[{"embeddable":true,"href":"https:\/\/www.informaticoscastellon.com\/ca\/wp-json\/wp\/v2\/media\/1687"}],"wp:attachment":[{"href":"https:\/\/www.informaticoscastellon.com\/ca\/wp-json\/wp\/v2\/media?parent=638"}],"wp:term":[{"taxonomy":"product_brand","embeddable":true,"href":"https:\/\/www.informaticoscastellon.com\/ca\/wp-json\/wp\/v2\/product_brand?post=638"},{"taxonomy":"product_cat","embeddable":true,"href":"https:\/\/www.informaticoscastellon.com\/ca\/wp-json\/wp\/v2\/product_cat?post=638"},{"taxonomy":"product_tag","embeddable":true,"href":"https:\/\/www.informaticoscastellon.com\/ca\/wp-json\/wp\/v2\/product_tag?post=638"}],"curies":[{"name":"wp","href":"https:\/\/api.w.org\/{rel}","templated":true}]}}