{"id":6932,"date":"2023-10-31T10:39:39","date_gmt":"2023-10-31T10:39:39","guid":{"rendered":"https:\/\/www.informaticoscastellon.com\/?page_id=6932"},"modified":"2026-04-20T10:03:48","modified_gmt":"2026-04-20T10:03:48","slug":"aviso-legal","status":"publish","type":"page","link":"https:\/\/www.informaticoscastellon.com\/en\/aviso-legal\/","title":{"rendered":"Legal Notice"},"content":{"rendered":"<div class=\"et_pb_section_0 et_pb_section et_section_regular et_block_section et_pb_section_parallax section_has_divider et_pb_bottom_divider preset--module--divi-section--69e5f9f772882\"><span class=\"et-pb-parallax-wrapper\"><span class=\"et-pb-parallax-background et-pb-parallax-background--css et-pb-parallax-background-module--divi-section-0\" style=\"background-image:url(https:\/\/www.informaticoscastellon.com\/wp-content\/uploads\/2023\/03\/AdobeStock_307172681-clue-scaled.jpg)\"><\/span><span class=\"et_parallax_gradient et_pb_parallax_css\" style=\"background-image:linear-gradient(350deg, #ffffff 1%,rgba(41,196,169,0) 30% 100%)\"><\/span><\/span><div class=\"et_pb_row_0 et_pb_row et_block_row\"><div class=\"et_pb_column_0 et_pb_column et_pb_column_4_4 et-last-child et_block_column et_pb_css_mix_blend_mode_passthrough\"><div class=\"et_pb_text_0 et_pb_text et_pb_bg_layout_light et_pb_module et_block_module\"><div class=\"et_pb_text_inner\"><h1>Aviso legal<\/h1>\n<div class=\"et_pb_module et_pb_text et_pb_text_2 familiaTitulo  et_pb_text_align_left et_pb_bg_layout_light\">\n<div class=\"et_pb_text_inner\">\n<p>En cumplimiento con el deber de informaci\u00f3n recogido en art\u00edculo 10 de la Ley 34\/2002, de 11 de julio, de Servicios de la Sociedad de la Informaci\u00f3n y del Comercio Electr\u00f3nico (LSSICE), el propietario de la web , le informa de lo siguiente:<\/p>\n<p>\u00b7 Denominaci\u00f3n social: H\u00c9CTOR LINARES MORALES (En adelante INFORM\u00c1TICOS CASTELL\u00d3N)<br \/>\u00b7 NIF: 20248892Z<br \/>\u00b7 Domicilio: C\/ Els Ports, 3, 12005 - Castellon (Castell\u00f3n De La Plana)<\/p>\n<p>Con los l\u00edmites establecidos en la ley, INFORM\u00c1TICOS CASTELL\u00d3N\u00a0no asume ninguna<br \/>responsabilidad derivada de la falta de veracidad, integridad, actualizaci\u00f3n y precisi\u00f3n de los datos o informaciones que contienen sus p\u00e1ginas web.<\/p>\n<p>Los contenidos e informaci\u00f3n no vinculan a INFORM\u00c1TICOS CASTELL\u00d3N ni constituyen<br \/>opiniones, consejos o asesoramiento legal de ning\u00fan tipo pues se trata meramente de un<br \/>servicio ofrecido con car\u00e1cter informativo y divulgativo.<\/p>\n<p>Las p\u00e1ginas de Internet de INFORM\u00c1TICOS CASTELL\u00d3N pueden contener enlaces (links) a<br \/>otras p\u00e1ginas de terceras partes que INFORM\u00c1TICOS CASTELL\u00d3N no puede controlar. Por lo<br \/>tanto, INFORM\u00c1TICOS CASTELL\u00d3N no puede asumir responsabilidades por el contenido que pueda aparecer en p\u00e1ginas de terceros.<\/p>\n<p>Los textos, im\u00e1genes, sonidos, animaciones, software y el resto de contenidos incluidos en<br \/>este website son propiedad exclusiva de INFORM\u00c1TICOS CASTELL\u00d3N o sus licenciantes.<br \/>Cualquier acto de transmisi\u00f3n, distribuci\u00f3n, cesi\u00f3n, reproducci\u00f3n, almacenamiento o<br \/>comunicaci\u00f3n p\u00fablica total o parcial, deber\u00e1 contar con el consentimiento expreso de INFORM\u00c1TICOS CASTELL\u00d3N.<\/p>\n<p>Asimismo, para acceder a algunos de los servicios que INFORM\u00c1TICOS CASTELL\u00d3N ofrece a<br \/>trav\u00e9s del sitio web, deber\u00e1 proporcionar algunos datos de car\u00e1cter personal. En cumplimiento de lo establecido en el Reglamento (UE) 2016\/679 del Parlamento Europeo y del Consejo, de 27 de abril de 2016, relativo a la protecci\u00f3n de las personas f\u00edsicas en lo que respecta al tratamiento de datos personales y a la libre circulaci\u00f3n de estos datos le informamos que, mediante la cumplimentaci\u00f3n de los presentes formularios, sus datos personales quedar\u00e1n incorporados y ser\u00e1n tratados en los ficheros de INFORM\u00c1TICOS CASTELL\u00d3N con el fin de poderle prestar y ofrecer nuestros servicios as\u00ed como para informarle de las mejoras del sitio Web.<\/p>\n<p>Le informamos tambi\u00e9n de que tendr\u00e1 la posibilidad en todo momento de ejercer los derechos de acceso, rectificaci\u00f3n, cancelaci\u00f3n, oposici\u00f3n, limitaci\u00f3n y portabilidad de sus datos de car\u00e1cter personal, de manera gratuita mediante email a: info@informaticoscastellon.com o en la direcci\u00f3n: C\/ Els Ports, 3, 12005 - Castell\u00f3n (Castell\u00f3n De La Plana).<\/p>\n<\/div>\n<\/div>\n<div class=\"et_pb_module et_pb_text et_pb_text_3  et_pb_text_align_left et_pb_bg_layout_light\">\n<div class=\"et_pb_text_inner\">\n<p>Email: <a href=\"mailto:info@informaticoscastellon.com\">info@informaticoscastellon.com<\/a><\/p>\n<p>Tel\u00e9fono: (+34) <a href=\"tel:964780410\">964 780 410<\/a><\/p>\n<\/div>\n<\/div>\n<\/div><\/div><\/div><\/div><div class=\"et_pb_bottom_inside_divider et-no-transition\"><\/div><\/div>","protected":false},"excerpt":{"rendered":"","protected":false},"author":1,"featured_media":0,"parent":0,"menu_order":0,"comment_status":"closed","ping_status":"closed","template":"","meta":{"footnotes":""},"class_list":["post-6932","page","type-page","status-publish","hentry"],"_links":{"self":[{"href":"https:\/\/www.informaticoscastellon.com\/en\/wp-json\/wp\/v2\/pages\/6932","targetHints":{"allow":["GET"]}}],"collection":[{"href":"https:\/\/www.informaticoscastellon.com\/en\/wp-json\/wp\/v2\/pages"}],"about":[{"href":"https:\/\/www.informaticoscastellon.com\/en\/wp-json\/wp\/v2\/types\/page"}],"author":[{"embeddable":true,"href":"https:\/\/www.informaticoscastellon.com\/en\/wp-json\/wp\/v2\/users\/1"}],"replies":[{"embeddable":true,"href":"https:\/\/www.informaticoscastellon.com\/en\/wp-json\/wp\/v2\/comments?post=6932"}],"version-history":[{"count":4,"href":"https:\/\/www.informaticoscastellon.com\/en\/wp-json\/wp\/v2\/pages\/6932\/revisions"}],"predecessor-version":[{"id":7834,"href":"https:\/\/www.informaticoscastellon.com\/en\/wp-json\/wp\/v2\/pages\/6932\/revisions\/7834"}],"wp:attachment":[{"href":"https:\/\/www.informaticoscastellon.com\/en\/wp-json\/wp\/v2\/media?parent=6932"}],"curies":[{"name":"wp","href":"https:\/\/api.w.org\/{rel}","templated":true}]}}