{"id":1665,"date":"2025-07-03T09:50:55","date_gmt":"2025-07-03T09:50:55","guid":{"rendered":"https:\/\/www.informaticos-castellon.com\/?post_type=product&#038;p=1665"},"modified":"2025-07-03T09:50:55","modified_gmt":"2025-07-03T09:50:55","slug":"plan-autonosmos-1","status":"publish","type":"product","link":"https:\/\/www.informaticoscastellon.com\/en\/product\/plan-autonosmos-1\/","title":{"rendered":"PLAN AUT\u00d3NOMOS 1"},"content":{"rendered":"<p>[et_pb_section fb_built=\u00bb1&#8243; _builder_version=\u00bb4.17.4&#8243; _module_preset=\u00bbdefault\u00bb collapsed=\u00bboff\u00bb global_colors_info=\u00bb{}\u00bb][\/et_pb_section]<\/p>\n","protected":false},"excerpt":{"rendered":"<p>Si necesitas apoyo inform\u00e1tico te ofrecemos una opci\u00f3n r\u00e1pida y asequible.\u00a0 \u00a0El PLAN\u00a0<strong>NEGOCIOS 1<\/strong>\u00a0est\u00e1 dise\u00f1ado para darnos a conocer en tu empresas.<\/p>\n<p>&nbsp;<\/p>\n<ul>\n<li>Hasta 1 asistencias presenciales.<\/li>\n<li>Fracciones de 1 minutos.<\/li>\n<li>I.V.A. no incluido.<\/li>\n<li>\u00c9ste PLAN s\u00f3lo puede ser contratado 1 vez cada 365 d\u00edas.<\/li>\n<\/ul>","protected":false},"featured_media":1481,"template":"","meta":{"_et_pb_use_builder":"on","_et_pb_old_content":"<ul>\r\n \t<li>Con esta oferta puedes llamarnos la veces que necesites hasta agotar los minutos.<\/li>\r\n \t<li>La fracci\u00f3n m\u00ednima de tiempo es 1 minutos.<\/li>\r\n \t<li>Esta oferta cuenta incluye 1 desplazamiento\u00a0<strong>presenciales dentro de la ciudad de Castell\u00f3n o en las inmediaciones (Hasta 10km de distancia)<\/strong><\/li>\r\n \t<li>Las asistencias ser\u00e1n telem\u00e1ticas siempre que el t\u00e9cnico lo considere y sea posible. Las citas telem\u00e1ticas o presenciales se har\u00e1n con cita previa:\u00a0 te atenderemos al momento siempre que sea posible y si no te devolveremos la llamada r\u00e1pidamente. (Citas hasta en un m\u00e1ximo de 48h)<\/li>\r\n \t<li>La cita deber\u00e1 ser dentro nuestro horario general, si necesitas que sea fuera de horario cons\u00faltanos. (Lunes a viernes de 8:30 - 14:00\u00a0 |\u00a0 15:30 - 18:00 no festivos)<\/li>\r\n \t<li>I.V.A. no\u00a0incluido.<\/li>\r\n \t<li>Los planes de horas no caducan hasta que pase un a\u00f1o desde su contrataci\u00f3n.<\/li>\r\n<\/ul>\r\nLos planes de horas son una soluci\u00f3n de asesoramiento, asistencia y mantenimiento inform\u00e1tico sencilla de contratar.\u00a0 Est\u00e1n destinados a asesorar sobre dudas t\u00e9cnicas o tecnol\u00f3gicas como adquisici\u00f3n de material o servicios, tambi\u00e9n a la resoluci\u00f3n de incidencias inform\u00e1ticas habituales o puntuales, desde configurar routers, certificados, dominios, redes,\u00a0 sistemas de mensajer\u00eda, automatizaciones, dudas sobre manejo y uso de aplicaciones, aver\u00edas en equipos, configuraci\u00f3n de dispositivos y aplicaciones.\u00a0 Atenci\u00f3n de consultas relativas a p\u00e1ginas y aplicaciones web que hayamos desarrollado o gestionemos nosotros u otros siempre que sea posible.\r\n<strong>Si alguna de sus necesidades se sale de ese marco o es muy t\u00e9cnica le recomendamos que nos consulte antes de contratar.\u00a0<\/strong>","_et_gb_content_width":""},"product_brand":[],"product_cat":[49,46,22],"product_tag":[47],"class_list":{"0":"post-1665","1":"product","2":"type-product","3":"status-publish","4":"has-post-thumbnail","6":"product_cat-autonomos","7":"product_cat-ayuda-informatica","8":"product_cat-plan-de-horas","9":"product_tag-soporte-informatico","11":"first","12":"instock","13":"virtual","14":"sold-individually","15":"taxable","16":"purchasable","17":"product-type-simple"},"_links":{"self":[{"href":"https:\/\/www.informaticoscastellon.com\/en\/wp-json\/wp\/v2\/product\/1665","targetHints":{"allow":["GET"]}}],"collection":[{"href":"https:\/\/www.informaticoscastellon.com\/en\/wp-json\/wp\/v2\/product"}],"about":[{"href":"https:\/\/www.informaticoscastellon.com\/en\/wp-json\/wp\/v2\/types\/product"}],"wp:featuredmedia":[{"embeddable":true,"href":"https:\/\/www.informaticoscastellon.com\/en\/wp-json\/wp\/v2\/media\/1481"}],"wp:attachment":[{"href":"https:\/\/www.informaticoscastellon.com\/en\/wp-json\/wp\/v2\/media?parent=1665"}],"wp:term":[{"taxonomy":"product_brand","embeddable":true,"href":"https:\/\/www.informaticoscastellon.com\/en\/wp-json\/wp\/v2\/product_brand?post=1665"},{"taxonomy":"product_cat","embeddable":true,"href":"https:\/\/www.informaticoscastellon.com\/en\/wp-json\/wp\/v2\/product_cat?post=1665"},{"taxonomy":"product_tag","embeddable":true,"href":"https:\/\/www.informaticoscastellon.com\/en\/wp-json\/wp\/v2\/product_tag?post=1665"}],"curies":[{"name":"wp","href":"https:\/\/api.w.org\/{rel}","templated":true}]}}